{"id":47826,"date":"2020-04-22T18:15:45","date_gmt":"2020-04-22T18:15:45","guid":{"rendered":"https:\/\/mab.org.br\/contacto\/"},"modified":"2024-01-29T18:34:22","modified_gmt":"2024-01-29T18:34:22","slug":"contacto","status":"publish","type":"page","link":"https:\/\/mab.org.br\/es\/contacto\/","title":{"rendered":"Contacto"},"content":{"rendered":"<div id=\"pl-gb47826-69d792f1b5782\"  class=\"panel-layout\" ><div id=\"pg-gb47826-69d792f1b5782-0\"  class=\"panel-grid panel-no-style\" ><div id=\"pgc-gb47826-69d792f1b5782-0-0\"  class=\"panel-grid-cell\" ><div id=\"panel-gb47826-69d792f1b5782-0-0-0\" class=\"so-panel widget widget_siteorigin-panels-builder panel-first-child panel-last-child\" data-index=\"0\" ><div id=\"pl-w65b7efaae3bcc\"  class=\"panel-layout\" ><div id=\"pg-w65b7efaae3bcc-0\"  class=\"panel-grid panel-no-style\" ><div id=\"pgc-w65b7efaae3bcc-0-0\"  class=\"panel-grid-cell panel-grid-cell-empty\" ><\/div><div id=\"pgc-w65b7efaae3bcc-0-1\"  class=\"panel-grid-cell\" ><div id=\"panel-w65b7efaae3bcc-0-1-0\" class=\"so-panel widget widget_sow-editor panel-first-child panel-last-child\" data-index=\"0\" ><div\n\t\t\t\n\t\t\tclass=\"so-widget-sow-editor so-widget-sow-editor-base\"\n\t\t\t\n\t\t>\n<div class=\"siteorigin-widget-tinymce textwidget\">\n\t<h5>Tel\u00e9fono y Fax<\/h5>\n<h2>11 3392 2006<\/h2>\n<h5>Servicio general<\/h5>\n<h2>secretaria@atingidos.org<\/h2>\n<h5>Oficina de prensa<\/h5>\n<h2>imprensamab@atingidos.org<\/h2>\n<p>&nbsp;<\/p>\n<p>&nbsp;<\/p>\n<\/div>\n<\/div><\/div><\/div><div id=\"pgc-w65b7efaae3bcc-0-2\"  class=\"panel-grid-cell panel-grid-cell-mobile-last\" ><div id=\"panel-w65b7efaae3bcc-0-2-0\" class=\"so-panel widget widget_sow-button panel-first-child panel-last-child\" data-index=\"1\" ><div\n\t\t\t\n\t\t\tclass=\"so-widget-sow-button so-widget-sow-button-atom-857739567c6a\"\n\t\t\t\n\t\t><div class=\"ow-button-base ow-button-align-center\"\n>\n\t\t\t<a\n\t\t\t\t\thref=\"https:\/\/mab.org.br\/es\/apoyo\/\"\n\t\t\t\t\tclass=\"sowb-button ow-icon-placement-left ow-button-hover\" target=\"_blank\" rel=\"noopener noreferrer\" \t>\n\t\t<span>\n\t\t\t<span class=\"sow-icon-fontawesome sow-far\" data-sow-icon=\"&#xf2b5;\"\n\t\tstyle=\"color: #206824\" \n\t\taria-hidden=\"true\"><\/span>\n\t\t\t\u00a1APOYO!\t\t<\/span>\n\t\t\t<\/a>\n\t<\/div>\n<\/div><\/div><\/div><div id=\"pgc-w65b7efaae3bcc-0-3\"  class=\"panel-grid-cell panel-grid-cell-empty\" ><\/div><\/div><\/div><\/div><\/div><\/div><\/div>","protected":false},"excerpt":{"rendered":"","protected":false},"author":1,"featured_media":0,"parent":0,"menu_order":0,"comment_status":"closed","ping_status":"closed","template":"template-grid-title.php","meta":{"_acf_changed":false,"_monsterinsights_skip_tracking":false,"_monsterinsights_sitenote_active":false,"_monsterinsights_sitenote_note":"","_monsterinsights_sitenote_category":0,"footnotes":""},"class_list":["post-47826","page","type-page","status-publish","hentry"],"acf":[],"yoast_head":"<!-- This site is optimized with the Yoast SEO plugin v27.3 - https:\/\/yoast.com\/product\/yoast-seo-wordpress\/ -->\n<title>Contacto - MAB - Movimento dos Atingidos por Barragens<\/title>\n<meta name=\"robots\" content=\"index, follow, max-snippet:-1, max-image-preview:large, max-video-preview:-1\" \/>\n<link rel=\"canonical\" href=\"https:\/\/mab.org.br\/es\/contacto\/\" \/>\n<meta property=\"og:locale\" content=\"es_ES\" \/>\n<meta property=\"og:type\" content=\"article\" \/>\n<meta property=\"og:title\" content=\"Contacto - MAB - Movimento dos Atingidos por Barragens\" \/>\n<meta property=\"og:url\" content=\"https:\/\/mab.org.br\/es\/contacto\/\" \/>\n<meta property=\"og:site_name\" content=\"MAB - Movimento dos Atingidos por Barragens\" \/>\n<meta property=\"article:modified_time\" content=\"2024-01-29T18:34:22+00:00\" \/>\n<meta property=\"og:image\" content=\"https:\/\/mab.org.br\/wp-content\/uploads\/2025\/12\/logo_rectangular.png\" \/>\n\t<meta property=\"og:image:width\" content=\"1200\" \/>\n\t<meta property=\"og:image:height\" content=\"800\" \/>\n\t<meta property=\"og:image:type\" content=\"image\/png\" \/>\n<meta name=\"twitter:card\" content=\"summary_large_image\" \/>\n<script type=\"application\/ld+json\" class=\"yoast-schema-graph\">{\"@context\":\"https:\\\/\\\/schema.org\",\"@graph\":[{\"@type\":\"WebPage\",\"@id\":\"https:\\\/\\\/mab.org.br\\\/es\\\/contacto\\\/\",\"url\":\"https:\\\/\\\/mab.org.br\\\/es\\\/contacto\\\/\",\"name\":\"Contacto - MAB - Movimento dos Atingidos por Barragens\",\"isPartOf\":{\"@id\":\"https:\\\/\\\/mab.org.br\\\/es\\\/#website\"},\"datePublished\":\"2020-04-22T18:15:45+00:00\",\"dateModified\":\"2024-01-29T18:34:22+00:00\",\"breadcrumb\":{\"@id\":\"https:\\\/\\\/mab.org.br\\\/es\\\/contacto\\\/#breadcrumb\"},\"inLanguage\":\"es\",\"potentialAction\":[{\"@type\":\"ReadAction\",\"target\":[\"https:\\\/\\\/mab.org.br\\\/es\\\/contacto\\\/\"]}]},{\"@type\":\"BreadcrumbList\",\"@id\":\"https:\\\/\\\/mab.org.br\\\/es\\\/contacto\\\/#breadcrumb\",\"itemListElement\":[{\"@type\":\"ListItem\",\"position\":1,\"name\":\"In\u00edcio\",\"item\":\"https:\\\/\\\/mab.org.br\\\/es\\\/\"},{\"@type\":\"ListItem\",\"position\":2,\"name\":\"Contacto\"}]},{\"@type\":\"WebSite\",\"@id\":\"https:\\\/\\\/mab.org.br\\\/es\\\/#website\",\"url\":\"https:\\\/\\\/mab.org.br\\\/es\\\/\",\"name\":\"MAB - Movimento dos Atingidos por Barragens\",\"description\":\"El Movimiento de Afectados por Represas (MAB) es un movimiento popular brasile\u00f1o que surgi\u00f3 a finales de los a\u00f1os 1970 con el objetivo de organizar a los afectados por la construcci\u00f3n de represas para defender sus derechos.\",\"publisher\":{\"@id\":\"https:\\\/\\\/mab.org.br\\\/es\\\/#organization\"},\"alternateName\":\"MAB\",\"potentialAction\":[{\"@type\":\"SearchAction\",\"target\":{\"@type\":\"EntryPoint\",\"urlTemplate\":\"https:\\\/\\\/mab.org.br\\\/es\\\/?s={search_term_string}\"},\"query-input\":{\"@type\":\"PropertyValueSpecification\",\"valueRequired\":true,\"valueName\":\"search_term_string\"}}],\"inLanguage\":\"es\"},{\"@type\":\"Organization\",\"@id\":\"https:\\\/\\\/mab.org.br\\\/es\\\/#organization\",\"name\":\"Movimento dos Atingidos por Barragens\",\"alternateName\":\"MAB\",\"url\":\"https:\\\/\\\/mab.org.br\\\/es\\\/\",\"logo\":{\"@type\":\"ImageObject\",\"inLanguage\":\"es\",\"@id\":\"https:\\\/\\\/mab.org.br\\\/es\\\/#\\\/schema\\\/logo\\\/image\\\/\",\"url\":\"https:\\\/\\\/mab.org.br\\\/wp-content\\\/uploads\\\/2020\\\/06\\\/cropped-mabredonda.png\",\"contentUrl\":\"https:\\\/\\\/mab.org.br\\\/wp-content\\\/uploads\\\/2020\\\/06\\\/cropped-mabredonda.png\",\"width\":512,\"height\":512,\"caption\":\"Movimento dos Atingidos por Barragens\"},\"image\":{\"@id\":\"https:\\\/\\\/mab.org.br\\\/es\\\/#\\\/schema\\\/logo\\\/image\\\/\"}}]}<\/script>\n<!-- \/ Yoast SEO plugin. -->","yoast_head_json":{"title":"Contacto - MAB - Movimento dos Atingidos por Barragens","robots":{"index":"index","follow":"follow","max-snippet":"max-snippet:-1","max-image-preview":"max-image-preview:large","max-video-preview":"max-video-preview:-1"},"canonical":"https:\/\/mab.org.br\/es\/contacto\/","og_locale":"es_ES","og_type":"article","og_title":"Contacto - MAB - Movimento dos Atingidos por Barragens","og_url":"https:\/\/mab.org.br\/es\/contacto\/","og_site_name":"MAB - Movimento dos Atingidos por Barragens","article_modified_time":"2024-01-29T18:34:22+00:00","og_image":[{"width":1200,"height":800,"url":"https:\/\/mab.org.br\/wp-content\/uploads\/2025\/12\/logo_rectangular.png","type":"image\/png"}],"twitter_card":"summary_large_image","schema":{"@context":"https:\/\/schema.org","@graph":[{"@type":"WebPage","@id":"https:\/\/mab.org.br\/es\/contacto\/","url":"https:\/\/mab.org.br\/es\/contacto\/","name":"Contacto - MAB - Movimento dos Atingidos por Barragens","isPartOf":{"@id":"https:\/\/mab.org.br\/es\/#website"},"datePublished":"2020-04-22T18:15:45+00:00","dateModified":"2024-01-29T18:34:22+00:00","breadcrumb":{"@id":"https:\/\/mab.org.br\/es\/contacto\/#breadcrumb"},"inLanguage":"es","potentialAction":[{"@type":"ReadAction","target":["https:\/\/mab.org.br\/es\/contacto\/"]}]},{"@type":"BreadcrumbList","@id":"https:\/\/mab.org.br\/es\/contacto\/#breadcrumb","itemListElement":[{"@type":"ListItem","position":1,"name":"In\u00edcio","item":"https:\/\/mab.org.br\/es\/"},{"@type":"ListItem","position":2,"name":"Contacto"}]},{"@type":"WebSite","@id":"https:\/\/mab.org.br\/es\/#website","url":"https:\/\/mab.org.br\/es\/","name":"MAB - Movimento dos Atingidos por Barragens","description":"El Movimiento de Afectados por Represas (MAB) es un movimiento popular brasile\u00f1o que surgi\u00f3 a finales de los a\u00f1os 1970 con el objetivo de organizar a los afectados por la construcci\u00f3n de represas para defender sus derechos.","publisher":{"@id":"https:\/\/mab.org.br\/es\/#organization"},"alternateName":"MAB","potentialAction":[{"@type":"SearchAction","target":{"@type":"EntryPoint","urlTemplate":"https:\/\/mab.org.br\/es\/?s={search_term_string}"},"query-input":{"@type":"PropertyValueSpecification","valueRequired":true,"valueName":"search_term_string"}}],"inLanguage":"es"},{"@type":"Organization","@id":"https:\/\/mab.org.br\/es\/#organization","name":"Movimento dos Atingidos por Barragens","alternateName":"MAB","url":"https:\/\/mab.org.br\/es\/","logo":{"@type":"ImageObject","inLanguage":"es","@id":"https:\/\/mab.org.br\/es\/#\/schema\/logo\/image\/","url":"https:\/\/mab.org.br\/wp-content\/uploads\/2020\/06\/cropped-mabredonda.png","contentUrl":"https:\/\/mab.org.br\/wp-content\/uploads\/2020\/06\/cropped-mabredonda.png","width":512,"height":512,"caption":"Movimento dos Atingidos por Barragens"},"image":{"@id":"https:\/\/mab.org.br\/es\/#\/schema\/logo\/image\/"}}]}},"_links":{"self":[{"href":"https:\/\/mab.org.br\/es\/wp-json\/wp\/v2\/pages\/47826","targetHints":{"allow":["GET"]}}],"collection":[{"href":"https:\/\/mab.org.br\/es\/wp-json\/wp\/v2\/pages"}],"about":[{"href":"https:\/\/mab.org.br\/es\/wp-json\/wp\/v2\/types\/page"}],"author":[{"embeddable":true,"href":"https:\/\/mab.org.br\/es\/wp-json\/wp\/v2\/users\/1"}],"replies":[{"embeddable":true,"href":"https:\/\/mab.org.br\/es\/wp-json\/wp\/v2\/comments?post=47826"}],"version-history":[{"count":1,"href":"https:\/\/mab.org.br\/es\/wp-json\/wp\/v2\/pages\/47826\/revisions"}],"predecessor-version":[{"id":47830,"href":"https:\/\/mab.org.br\/es\/wp-json\/wp\/v2\/pages\/47826\/revisions\/47830"}],"wp:attachment":[{"href":"https:\/\/mab.org.br\/es\/wp-json\/wp\/v2\/media?parent=47826"}],"curies":[{"name":"wp","href":"https:\/\/api.w.org\/{rel}","templated":true}]}}