{"id":47735,"date":"2020-05-14T15:33:21","date_gmt":"2020-05-14T15:33:21","guid":{"rendered":"https:\/\/mab.org.br\/peleas\/"},"modified":"2024-01-29T17:48:02","modified_gmt":"2024-01-29T17:48:02","slug":"peleas","status":"publish","type":"page","link":"https:\/\/mab.org.br\/es\/peleas\/","title":{"rendered":"Peleas"},"content":{"rendered":"\n<h2 class=\"wp-block-heading\">Derechos humanos <\/h2>\n\n<p>La historia del MAB se form\u00f3 a partir de la negaci\u00f3n de una serie de derechos a las poblaciones afectadas, que ya proven\u00edan de una condici\u00f3n m\u00e1s humilde, campesina y con dificultades para acceder al sistema de justicia. Seg\u00fan el informe del Consejo Nacional de Derechos Humanos, en la construcci\u00f3n y operaci\u00f3n de represas en Brasil, al menos 16 derechos son violados sistem\u00e1ticamente.<\/p>\n\n<p> Por ello, a lo largo de su trayectoria, el movimiento afirm\u00f3 la necesidad de luchar por la realizaci\u00f3n de los derechos humanos de las poblaciones afectadas, configurando as\u00ed una bandera de lucha. Con el paso de los a\u00f1os, los afectados comenzaron a reivindicar la identidad de defensores de los derechos humanos, a medida que comenzaron a apropiarse de las estructuras a las que se les negaba el acceso a los derechos y a actuar en la realidad concreta cambiando el rumbo de los conflictos. Fue s\u00f3lo a trav\u00e9s de las luchas libradas por los afectados que se implementaron derechos como: reasentamiento, compensaci\u00f3n, pagos de ayuda de emergencia y trato equivalente para hombres y mujeres. <\/p>\n\n<p>El conjunto de los derechos humanos como perspectiva emancipadora de los afectados sigue siendo un desaf\u00edo, sobre todo ante el escenario de retrocesos que vive el pa\u00eds, pero, cada d\u00eda, con el trabajo de capacitaci\u00f3n y educaci\u00f3n popular, avanzamos en las fronteras del lenguaje. y en la apropiaci\u00f3n de nuevos espacios. Luchar por la tierra, el agua, la energ\u00eda, la distribuci\u00f3n de la riqueza, es defender un proyecto de pa\u00eds m\u00e1s justo e igualitario. Entendemos la importancia de un Estado que resuelva efectivamente los conflictos que generan desigualdad jur\u00eddica y, en consecuencia, la negaci\u00f3n de los derechos humanos.<\/p>\n\n<h2 class=\"wp-block-heading\">Energ\u00eda<\/h2>\n\n<p>Entendemos que el tema central en este tema es la pol\u00edtica energ\u00e9tica, que transform\u00f3 la energ\u00eda en una mercanc\u00eda para garantizar una rentabilidad extraordinaria al capital. Somos defensores de que \u201cel agua y la energ\u00eda no son mercanc\u00edas\u201d. Luchamos por un proyecto energ\u00e9tico popular. <\/p>\n\n<p>Queremos el uso de los recursos h\u00eddricos y energ\u00e9ticos con soberan\u00eda, distribuci\u00f3n de la riqueza y control popular: esta es la s\u00edntesis del proyecto de pol\u00edtica energ\u00e9tica que defendemos. Hasta principios de la d\u00e9cada de 1990, el sector el\u00e9ctrico nacional era propiedad estatal bajo un r\u00e9gimen de monopolio, con una \u00fanica empresa estatal que produc\u00eda, transportaba y distribu\u00eda energ\u00eda. Despu\u00e9s de este per\u00edodo, los servicios p\u00fablicos fueron transferidos a propiedad privada mediante una ola de privatizaciones. La nueva pol\u00edtica el\u00e9ctrica, bajo el neoliberalismo, pas\u00f3 a estar guiada por las reglas del mercado. <\/p>\n\n<p>El territorio brasile\u00f1o tiene uno de los mayores potenciales h\u00eddricos del mundo, por eso generamos nuestra energ\u00eda el\u00e9ctrica a trav\u00e9s de centrales hidroel\u00e9ctricas, una fuente con costos de producci\u00f3n extremadamente baratos. Aun as\u00ed, Brasil se encuentra entre los 10 pa\u00edses que pagan las tarifas energ\u00e9ticas m\u00e1s caras. Nuestro conocimiento de esta realidad revela que nuestra lucha no puede reducirse simplemente a cambiar la matriz tecnol\u00f3gica y elegir la mejor fuente de generaci\u00f3n renovable. La resistencia a los proyectos de capital es enormemente importante.<\/p>\n\n<h2 class=\"wp-block-heading\">Agua <\/h2>\n\n<p>MAB entiende que el agua es una necesidad, un derecho humano fundamental y por lo tanto no puede ser mercantilizada ni convertirse en una mercanc\u00eda. Brasil tiene las mayores reservas de agua dulce del mundo, y todav\u00eda tenemos una realidad favorable, donde el 90% de los hogares que est\u00e1n conectados a la red de abastecimiento de agua est\u00e1n bajo responsabilidad del Estado, s\u00f3lo el 10% en manos del sector privado. <\/p>\n\n<p>Esta realidad es parte de un profundo ataque de las empresas transnacionales, que pretenden transformar el derecho de los pueblos al abastecimiento p\u00fablico de agua y a la recolecci\u00f3n de aguas residuales en una mercanc\u00eda, para permitir la extracci\u00f3n de tasas de ganancias extraordinarias, aplicando el mismo modelo que el sector el\u00e9ctrico brasile\u00f1o. Pretenden dividir el sistema de agua y saneamiento, que est\u00e1 a cargo de una empresa, en varios \u201cnegocios\u201d, propiedad de varias empresas, que pueden aumentar las tarifas del agua en m\u00e1s de un 200%. <\/p>\n\n<p>En el campo, la situaci\u00f3n tambi\u00e9n es dram\u00e1tica, cada a\u00f1o aumentan los conflictos y disputas por el acceso a este bien, de un lado los campesinos que producen el 70% de los alimentos de la poblaci\u00f3n brasile\u00f1a y del otro lado la agroindustria que exporta pr\u00e1cticamente toda su producci\u00f3n. y consume el 80% del agua brasile\u00f1a, secando nuestros r\u00edos y acu\u00edferos, utilizando la violencia contra el pueblo a trav\u00e9s del poder de milicias, muros y vallas, legitimados por concesiones de uso, otorgadas por el Estado para garantizar el lucro de este sector.<\/p>\n\n<p>Luchamos contra la violencia en el campo y las violaciones a los derechos humanos porque creemos que \u201clas aguas son para la vida y no para la muerte\u201d. Es necesario enfrentar y derrotar todos los procesos e intentos de privatizaci\u00f3n del agua, y revertir los procesos que ya han sido privatizados, por eso afirmamos que \u201cel agua y la energ\u00eda no son mercanc\u00edas\u201d sino que son para la soberan\u00eda del pueblo brasile\u00f1o.<\/p>\n\n<h2 class=\"wp-block-heading\">Presa<\/h2>\n\n<p>La construcci\u00f3n de represas.\nen territorio nacional ha dado lugar reiteradamente a graves violaciones\nde los derechos humanos, cuyas consecuencias acaban acentuando los ya graves\nDesigualdades sociales, que resultan en situaciones de miseria y perturbaci\u00f3n.\nsociales, familiares e individuales de las poblaciones afectadas.<\/p>\n\n<p>Las consecuencias\nLos aspectos negativos surgen de una pol\u00edtica de planificaci\u00f3n nacional,\nimplementaci\u00f3n y operaci\u00f3n de represas para generaci\u00f3n de electricidad,\nabastecimiento de agua, acumulaci\u00f3n de residuos industriales y para usos m\u00faltiples.\n <\/p>\n\n<p>Causa de las represas\nimportantes impactos sociales, ambientales, econ\u00f3micos y culturales en un vasto\nterritorio y produce cientos de miles de poblaciones afectadas. <\/p>\n\n<p>La intensidad, la severidad\ny el alcance de estos impactos var\u00edan de un caso a otro, dependiendo de la diversidad\nregional, diversidad de situaciones (grandes, medianas y peque\u00f1as represas),\ndiferencias temporales (represas antiguas, recientes y en construcci\u00f3n); naturaleza\nde embalses (agua, residuos industriales, energ\u00eda), naturaleza de\npropietarios y responsables de la construcci\u00f3n u operaci\u00f3n de represas\n(empresas estatales, mixtas y privadas \u2013 nacionales e internacionales); objetivos\nde represas (generaci\u00f3n hidroel\u00e9ctrica, abastecimiento de agua, relaves mineros).<\/p>\n\n<p>Seg\u00fan el <em>Informe de seguridad de presas de 2018<\/em>\n(ANA, 2019) hay 17.604 presas registradas ante los 32 organismos supervisores\n(municipal, estatal y nacional). Hasta la fecha, 5.086 han sido clasificados por\nCategor\u00eda de Riesgo y 6.577 de Da\u00f1o Potencial Asociado, de los cuales 909 son\nclasificados simult\u00e1neamente como Categor\u00eda de Riesgo y Da\u00f1o Potencial\nAsociados mayores.<\/p>\n\n<p>Realidad que demuestra que\nBrasil tiene una gran cantidad de represas y la magnitud de los impactos negativos\nes relevante, y se deben a la falta de seguridad en las presas y a la\npatr\u00f3n de vulneraci\u00f3n de los derechos de los afectados. <\/p>\n\n<h2 class=\"wp-block-heading\">Amazonas<\/h2>\n\n<p>En estos tiempos de crisis econ\u00f3mica y clim\u00e1tica, la Amazonia es cada vez m\u00e1s vista como un frente de expansi\u00f3n del capital. Los ataques en curso ponen en riesgo la biodiversidad y la vida de las personas. El saqueo de los recursos naturales, la deforestaci\u00f3n y los incendios, as\u00ed como la creciente privatizaci\u00f3n del agua, pueden provocar consecuencias irreversibles para todo el planeta. <\/p>\n\n<p>Existe un modelo que refuerza la posici\u00f3n de la Amazon\u00eda como semicolonia de recursos minerales y energ\u00e9ticos y reafirma su condici\u00f3n de \u201cfrontera\u201d agr\u00edcola y corredor para la exportaci\u00f3n de materias primas. Este modelo ha demostrado ser bueno para unos pocos \u201cemprendedores\u201d, especialmente para las empresas transnacionales de los pa\u00edses centrales. Pero para la gente pr\u00e1cticamente no trajo ning\u00fan beneficio. Al contrario: aumentaron la miseria y la violencia. Y es esta perspectiva la que se ha visto fortalecida por las pol\u00edticas del gobierno federal en la actualidad.<\/p>\n\n<p> Por otro lado, es posible construir un modelo de desarrollo para la Amazon\u00eda que ponga la vida en primer lugar, priorizando la distribuci\u00f3n de la riqueza y su desarrollo sin la destrucci\u00f3n de la naturaleza y el uso de recursos estrat\u00e9gicos para el mejoramiento general de las condiciones de vida en la Amazon\u00eda. .poblaci\u00f3n ya sea en ciudades, zonas inundadas, en cruces de caminos o en orillas de r\u00edos. Este es el modelo que so\u00f1amos construir para el presente y el futuro. Si la Amazon\u00eda est\u00e1 en riesgo, \u00a1todos estamos afectados!<\/p>\n\n<h2 class=\"wp-block-heading\">Nuestra lucha es internacional<\/h2>\n\n<p>En el planeta ya se han construido m\u00e1s de 800.000 represas, cuyos embalses han inundado alrededor de 1 mill\u00f3n de metros cuadrados (el 1% de la superficie del planeta). Al mismo tiempo, el n\u00famero de personas desplazadas por las represas en los \u00faltimos 20 a\u00f1os se estima en m\u00e1s de 40 millones de personas. Muchas son poblaciones ind\u00edgenas y tribales. <\/p>\n\n<p>En todos los casos, con el tiempo se producen las mismas consecuencias: degradaci\u00f3n de los bosques, reducci\u00f3n dr\u00e1stica de la pesca, emisi\u00f3n de gases que contribuyen al efecto invernadero y al calentamiento global, riesgos de terremotos, cambio clim\u00e1tico, muerte de los cursos de agua. <\/p>\n\n<p>Por no hablar del endeudamiento de las econom\u00edas de naciones pobres como Brasil debido a pr\u00e9stamos gigantescos para la construcci\u00f3n de estos enormes y car\u00edsimos proyectos. <\/p>\n\n<p>Por estas razones, el compromiso del MAB y valor fundamental de la lucha es el internacionalismo y la relaci\u00f3n con las diferentes experiencias de lucha contra las represas en el mundo, a trav\u00e9s de encuentros internacionales de afectados, y en Am\u00e9rica Latina en particular a trav\u00e9s del <em>Movimiento de Afectados por Represas. (MAR).<\/em> <\/p>\n","protected":false},"excerpt":{"rendered":"<p>Derechos humanos La historia del MAB se form\u00f3 a partir de la negaci\u00f3n de una serie de derechos a las poblaciones afectadas, que ya proven\u00edan de una condici\u00f3n m\u00e1s humilde, [&hellip;]<\/p>\n","protected":false},"author":1,"featured_media":0,"parent":0,"menu_order":0,"comment_status":"closed","ping_status":"closed","template":"","meta":{"_acf_changed":false,"_monsterinsights_skip_tracking":false,"_monsterinsights_sitenote_active":false,"_monsterinsights_sitenote_note":"","_monsterinsights_sitenote_category":0,"footnotes":""},"class_list":["post-47735","page","type-page","status-publish","hentry"],"acf":[],"yoast_head":"<!-- This site is optimized with the Yoast SEO plugin v27.3 - https:\/\/yoast.com\/product\/yoast-seo-wordpress\/ -->\n<title>Peleas - MAB - Movimento dos Atingidos por Barragens<\/title>\n<meta name=\"robots\" content=\"index, follow, max-snippet:-1, max-image-preview:large, max-video-preview:-1\" \/>\n<link rel=\"canonical\" href=\"https:\/\/mab.org.br\/es\/peleas\/\" \/>\n<meta property=\"og:locale\" content=\"es_ES\" \/>\n<meta property=\"og:type\" content=\"article\" \/>\n<meta property=\"og:title\" content=\"Peleas - MAB - Movimento dos Atingidos por Barragens\" \/>\n<meta property=\"og:description\" content=\"Derechos humanos La historia del MAB se form\u00f3 a partir de la negaci\u00f3n de una serie de derechos a las poblaciones afectadas, que ya proven\u00edan de una condici\u00f3n m\u00e1s humilde, [&hellip;]\" \/>\n<meta property=\"og:url\" content=\"https:\/\/mab.org.br\/es\/peleas\/\" \/>\n<meta property=\"og:site_name\" content=\"MAB - Movimento dos Atingidos por Barragens\" \/>\n<meta property=\"article:modified_time\" content=\"2024-01-29T17:48:02+00:00\" \/>\n<meta property=\"og:image\" content=\"https:\/\/mab.org.br\/wp-content\/uploads\/2025\/12\/logo_rectangular.png\" \/>\n\t<meta property=\"og:image:width\" content=\"1200\" \/>\n\t<meta property=\"og:image:height\" content=\"800\" \/>\n\t<meta property=\"og:image:type\" content=\"image\/png\" \/>\n<meta name=\"twitter:card\" content=\"summary_large_image\" \/>\n<meta name=\"twitter:label1\" content=\"Tiempo de lectura\" \/>\n\t<meta name=\"twitter:data1\" content=\"8 minutos\" \/>\n<script type=\"application\/ld+json\" class=\"yoast-schema-graph\">{\"@context\":\"https:\\\/\\\/schema.org\",\"@graph\":[{\"@type\":\"WebPage\",\"@id\":\"https:\\\/\\\/mab.org.br\\\/es\\\/peleas\\\/\",\"url\":\"https:\\\/\\\/mab.org.br\\\/es\\\/peleas\\\/\",\"name\":\"Peleas - MAB - Movimento dos Atingidos por Barragens\",\"isPartOf\":{\"@id\":\"https:\\\/\\\/mab.org.br\\\/es\\\/#website\"},\"datePublished\":\"2020-05-14T15:33:21+00:00\",\"dateModified\":\"2024-01-29T17:48:02+00:00\",\"breadcrumb\":{\"@id\":\"https:\\\/\\\/mab.org.br\\\/es\\\/peleas\\\/#breadcrumb\"},\"inLanguage\":\"es\",\"potentialAction\":[{\"@type\":\"ReadAction\",\"target\":[\"https:\\\/\\\/mab.org.br\\\/es\\\/peleas\\\/\"]}]},{\"@type\":\"BreadcrumbList\",\"@id\":\"https:\\\/\\\/mab.org.br\\\/es\\\/peleas\\\/#breadcrumb\",\"itemListElement\":[{\"@type\":\"ListItem\",\"position\":1,\"name\":\"In\u00edcio\",\"item\":\"https:\\\/\\\/mab.org.br\\\/es\\\/\"},{\"@type\":\"ListItem\",\"position\":2,\"name\":\"Peleas\"}]},{\"@type\":\"WebSite\",\"@id\":\"https:\\\/\\\/mab.org.br\\\/es\\\/#website\",\"url\":\"https:\\\/\\\/mab.org.br\\\/es\\\/\",\"name\":\"MAB - Movimento dos Atingidos por Barragens\",\"description\":\"El Movimiento de Afectados por Represas (MAB) es un movimiento popular brasile\u00f1o que surgi\u00f3 a finales de los a\u00f1os 1970 con el objetivo de organizar a los afectados por la construcci\u00f3n de represas para defender sus derechos.\",\"publisher\":{\"@id\":\"https:\\\/\\\/mab.org.br\\\/es\\\/#organization\"},\"alternateName\":\"MAB\",\"potentialAction\":[{\"@type\":\"SearchAction\",\"target\":{\"@type\":\"EntryPoint\",\"urlTemplate\":\"https:\\\/\\\/mab.org.br\\\/es\\\/?s={search_term_string}\"},\"query-input\":{\"@type\":\"PropertyValueSpecification\",\"valueRequired\":true,\"valueName\":\"search_term_string\"}}],\"inLanguage\":\"es\"},{\"@type\":\"Organization\",\"@id\":\"https:\\\/\\\/mab.org.br\\\/es\\\/#organization\",\"name\":\"Movimento dos Atingidos por Barragens\",\"alternateName\":\"MAB\",\"url\":\"https:\\\/\\\/mab.org.br\\\/es\\\/\",\"logo\":{\"@type\":\"ImageObject\",\"inLanguage\":\"es\",\"@id\":\"https:\\\/\\\/mab.org.br\\\/es\\\/#\\\/schema\\\/logo\\\/image\\\/\",\"url\":\"https:\\\/\\\/mab.org.br\\\/wp-content\\\/uploads\\\/2020\\\/06\\\/cropped-mabredonda.png\",\"contentUrl\":\"https:\\\/\\\/mab.org.br\\\/wp-content\\\/uploads\\\/2020\\\/06\\\/cropped-mabredonda.png\",\"width\":512,\"height\":512,\"caption\":\"Movimento dos Atingidos por Barragens\"},\"image\":{\"@id\":\"https:\\\/\\\/mab.org.br\\\/es\\\/#\\\/schema\\\/logo\\\/image\\\/\"}}]}<\/script>\n<!-- \/ Yoast SEO plugin. -->","yoast_head_json":{"title":"Peleas - MAB - Movimento dos Atingidos por Barragens","robots":{"index":"index","follow":"follow","max-snippet":"max-snippet:-1","max-image-preview":"max-image-preview:large","max-video-preview":"max-video-preview:-1"},"canonical":"https:\/\/mab.org.br\/es\/peleas\/","og_locale":"es_ES","og_type":"article","og_title":"Peleas - MAB - Movimento dos Atingidos por Barragens","og_description":"Derechos humanos La historia del MAB se form\u00f3 a partir de la negaci\u00f3n de una serie de derechos a las poblaciones afectadas, que ya proven\u00edan de una condici\u00f3n m\u00e1s humilde, [&hellip;]","og_url":"https:\/\/mab.org.br\/es\/peleas\/","og_site_name":"MAB - Movimento dos Atingidos por Barragens","article_modified_time":"2024-01-29T17:48:02+00:00","og_image":[{"width":1200,"height":800,"url":"https:\/\/mab.org.br\/wp-content\/uploads\/2025\/12\/logo_rectangular.png","type":"image\/png"}],"twitter_card":"summary_large_image","twitter_misc":{"Tiempo de lectura":"8 minutos"},"schema":{"@context":"https:\/\/schema.org","@graph":[{"@type":"WebPage","@id":"https:\/\/mab.org.br\/es\/peleas\/","url":"https:\/\/mab.org.br\/es\/peleas\/","name":"Peleas - MAB - Movimento dos Atingidos por Barragens","isPartOf":{"@id":"https:\/\/mab.org.br\/es\/#website"},"datePublished":"2020-05-14T15:33:21+00:00","dateModified":"2024-01-29T17:48:02+00:00","breadcrumb":{"@id":"https:\/\/mab.org.br\/es\/peleas\/#breadcrumb"},"inLanguage":"es","potentialAction":[{"@type":"ReadAction","target":["https:\/\/mab.org.br\/es\/peleas\/"]}]},{"@type":"BreadcrumbList","@id":"https:\/\/mab.org.br\/es\/peleas\/#breadcrumb","itemListElement":[{"@type":"ListItem","position":1,"name":"In\u00edcio","item":"https:\/\/mab.org.br\/es\/"},{"@type":"ListItem","position":2,"name":"Peleas"}]},{"@type":"WebSite","@id":"https:\/\/mab.org.br\/es\/#website","url":"https:\/\/mab.org.br\/es\/","name":"MAB - Movimento dos Atingidos por Barragens","description":"El Movimiento de Afectados por Represas (MAB) es un movimiento popular brasile\u00f1o que surgi\u00f3 a finales de los a\u00f1os 1970 con el objetivo de organizar a los afectados por la construcci\u00f3n de represas para defender sus derechos.","publisher":{"@id":"https:\/\/mab.org.br\/es\/#organization"},"alternateName":"MAB","potentialAction":[{"@type":"SearchAction","target":{"@type":"EntryPoint","urlTemplate":"https:\/\/mab.org.br\/es\/?s={search_term_string}"},"query-input":{"@type":"PropertyValueSpecification","valueRequired":true,"valueName":"search_term_string"}}],"inLanguage":"es"},{"@type":"Organization","@id":"https:\/\/mab.org.br\/es\/#organization","name":"Movimento dos Atingidos por Barragens","alternateName":"MAB","url":"https:\/\/mab.org.br\/es\/","logo":{"@type":"ImageObject","inLanguage":"es","@id":"https:\/\/mab.org.br\/es\/#\/schema\/logo\/image\/","url":"https:\/\/mab.org.br\/wp-content\/uploads\/2020\/06\/cropped-mabredonda.png","contentUrl":"https:\/\/mab.org.br\/wp-content\/uploads\/2020\/06\/cropped-mabredonda.png","width":512,"height":512,"caption":"Movimento dos Atingidos por Barragens"},"image":{"@id":"https:\/\/mab.org.br\/es\/#\/schema\/logo\/image\/"}}]}},"_links":{"self":[{"href":"https:\/\/mab.org.br\/es\/wp-json\/wp\/v2\/pages\/47735","targetHints":{"allow":["GET"]}}],"collection":[{"href":"https:\/\/mab.org.br\/es\/wp-json\/wp\/v2\/pages"}],"about":[{"href":"https:\/\/mab.org.br\/es\/wp-json\/wp\/v2\/types\/page"}],"author":[{"embeddable":true,"href":"https:\/\/mab.org.br\/es\/wp-json\/wp\/v2\/users\/1"}],"replies":[{"embeddable":true,"href":"https:\/\/mab.org.br\/es\/wp-json\/wp\/v2\/comments?post=47735"}],"version-history":[{"count":1,"href":"https:\/\/mab.org.br\/es\/wp-json\/wp\/v2\/pages\/47735\/revisions"}],"predecessor-version":[{"id":47736,"href":"https:\/\/mab.org.br\/es\/wp-json\/wp\/v2\/pages\/47735\/revisions\/47736"}],"wp:attachment":[{"href":"https:\/\/mab.org.br\/es\/wp-json\/wp\/v2\/media?parent=47735"}],"curies":[{"name":"wp","href":"https:\/\/api.w.org\/{rel}","templated":true}]}}