{"id":47662,"date":"2022-01-12T21:11:49","date_gmt":"2022-01-13T00:11:49","guid":{"rendered":"https:\/\/mab.org.br\/apoyo\/"},"modified":"2024-01-29T17:13:40","modified_gmt":"2024-01-29T17:13:40","slug":"apoyo","status":"publish","type":"page","link":"https:\/\/mab.org.br\/es\/apoyo\/","title":{"rendered":"Apoyo"},"content":{"rendered":"<div id=\"pl-gb47662-69d77d1ea6cb1\"  class=\"panel-layout\" ><div id=\"pg-gb47662-69d77d1ea6cb1-0\"  class=\"panel-grid panel-no-style\" ><div id=\"pgc-gb47662-69d77d1ea6cb1-0-0\"  class=\"panel-grid-cell\" ><div id=\"panel-gb47662-69d77d1ea6cb1-0-0-0\" class=\"so-panel widget widget_header-destacado panel-first-child panel-last-child\" data-index=\"0\" ><div class=\"panel-widget-style panel-widget-style-for-gb47662-69d77d1ea6cb1-0-0-0\" ><div\n\t\t\t\n\t\t\tclass=\"so-widget-header-destacado so-widget-header-destacado-style-d75171398898-47662\"\n\t\t\t\n\t\t><div class=\"header-destacado fullwidth\">\n    <section class=\"header-destacado--image\" style=\"background-image: url('https:\/\/mab.org.br\/wp-content\/uploads\/2023\/10\/51864265559_53e5872ba0_6k-scaled.jpg')\">\n        <div class=\"row\">\n            <div class=\"column large-12\">\n                <div class=\"content\">\n                    <div class=\"text\">\n                        APOIE OS ATINGIDOS DO BRASIL                    <\/div>\n                <\/div>\n            <\/div>\n        <\/div>\n        \n    <\/section>\n    <div class=\"row credit\">\n        <div class=\"column\">\n            Joka Madruga        <\/div>  \n    <\/div>\n<\/div><\/div><\/div><\/div><\/div><\/div><div id=\"pg-gb47662-69d77d1ea6cb1-1\"  class=\"panel-grid panel-no-style\" ><div id=\"pgc-gb47662-69d77d1ea6cb1-1-0\"  class=\"panel-grid-cell panel-grid-cell-empty\" ><\/div><\/div><div id=\"pg-gb47662-69d77d1ea6cb1-2\"  class=\"panel-grid panel-no-style\" ><div id=\"pgc-gb47662-69d77d1ea6cb1-2-0\"  class=\"panel-grid-cell\" ><div id=\"panel-gb47662-69d77d1ea6cb1-2-0-0\" class=\"so-panel widget widget_text panel-first-child panel-last-child\" data-index=\"1\" >\t\t\t<div class=\"textwidget\"><div>\n<p>Las lluvias de verano y los fen\u00f3menos meteorol\u00f3gicos extremos, como en la regi\u00f3n monta\u00f1osa de R\u00edo de Janeiro, S\u00e3o Sebasti\u00e3o, en la costa norte de S\u00e3o Paulo o m\u00e1s recientemente en Vale no Taquari (RS), as\u00ed como derrumbes y tragedias de represas en Brasil, como Mariana (2015) y Brumadinho (2019), dejan cada a\u00f1o miles de poblaciones afectadas en Brasil.<\/p>\n<p>Las personas afectadas en estas diversas y numerosas regiones enfrentan necesidades b\u00e1sicas e inmediatas, como alojamiento y alimentaci\u00f3n, as\u00ed como la necesidad de apoyo del Estado brasile\u00f1o y de las empresas responsables de los proyectos. Lamentablemente, lo que ense\u00f1a la experiencia de 30 a\u00f1os del Movimiento de Afectados por Represas (MAB) es que la reconstrucci\u00f3n y reestructuraci\u00f3n de la vida de estas familias, as\u00ed como la reparaci\u00f3n de los da\u00f1os sufridos, s\u00f3lo se materializan cuando los afectados comprenden su derechos, se organizan y luchan colectivamente en cada parte del proceso de identificaci\u00f3n de da\u00f1os\/reclamos, incidencia y movilizaci\u00f3n.<\/p>\n<p>Las luchas hist\u00f3ricas de las y los afectados organizados en el MAB han logrado muchas victorias y aprendizajes, principalmente en torno a la importancia de la organizaci\u00f3n colectiva, que cada d\u00eda se muestra como un camino viable para la defensa y conquista de derechos. Es con respaldo a sus principios, compromiso con la poblaci\u00f3n afectada y objetivos de transformaci\u00f3n social, que MAB solicita tu donaci\u00f3n para seguir trabajando para garantizar la ayuda humanitaria y organizativa de emergencia y reorganizar la vida de estas personas.<\/p>\n<p>La Campa\u00f1a es administrada por la <strong>Asociaci\u00f3n Nacional de Afectados por Represas (ANAB)<\/strong>, hist\u00f3rica defensora de las familias afectadas por represas en Brasil y Am\u00e9rica Latina, que seguir\u00e1 garantizando la ejecuci\u00f3n de las donaciones de acuerdo con las normas legales, cumpliendo con los planes y necesidades creadas por los afectados.<\/p>\n<\/div>\n<div><\/div>\n<\/div>\n\t\t<\/div><\/div><\/div><div id=\"pg-gb47662-69d77d1ea6cb1-3\"  class=\"panel-grid panel-has-style\" ><div class=\"siteorigin-panels-stretch panel-row-style panel-row-style-for-gb47662-69d77d1ea6cb1-3\" data-stretch-type=\"full\" ><div id=\"pgc-gb47662-69d77d1ea6cb1-3-0\"  class=\"panel-grid-cell panel-grid-cell-empty\" ><\/div><\/div><\/div><div id=\"pg-gb47662-69d77d1ea6cb1-4\"  class=\"panel-grid panel-no-style\" ><div id=\"pgc-gb47662-69d77d1ea6cb1-4-0\"  class=\"panel-grid-cell\" ><div id=\"panel-gb47662-69d77d1ea6cb1-4-0-0\" class=\"so-panel widget widget_text panel-first-child\" data-index=\"2\" ><h3 class=\"widget-title\">Detalles de la donaci\u00f3n:<\/h3>\t\t\t<div class=\"textwidget\"><\/div>\n\t\t<\/div><div id=\"panel-gb47662-69d77d1ea6cb1-4-0-1\" class=\"so-panel widget widget_text panel-last-child\" data-index=\"3\" >\t\t\t<div class=\"textwidget\"><ul>\n<li><strong>Banco do Brasil:<\/strong> 001 Associa\u00e7\u00e3o Nacional dos Atingidos por Barragens (ANAB)<\/li>\n<li><strong>Agencia:<\/strong> 1230-0<\/li>\n<li><strong>Conta Corrente:<\/strong> 118.806-2<\/li>\n<li><strong>PIX (CNPJ):<\/strong> 73.316.457\/0001-83<\/li>\n<li><strong>IBAN:<\/strong> BR7800000000012300001188062C1<\/li>\n<li><strong>SWIFT:<\/strong> BRASBRRJCTA<\/li>\n<\/ul>\n<\/div>\n\t\t<\/div><\/div><div id=\"pgc-gb47662-69d77d1ea6cb1-4-1\"  class=\"panel-grid-cell\" ><div id=\"panel-gb47662-69d77d1ea6cb1-4-1-0\" class=\"so-panel widget widget_sow-image panel-first-child panel-last-child\" data-index=\"4\" ><div\n\t\t\t\n\t\t\tclass=\"so-widget-sow-image so-widget-sow-image-default-8b5b6f678277-47662\"\n\t\t\t\n\t\t>\n<div class=\"sow-image-container\">\n\t\t<img \n\tsrc=\"https:\/\/mab.org.br\/wp-content\/uploads\/2023\/10\/Design-sem-nome.png\" width=\"1080\" height=\"1080\" srcset=\"https:\/\/mab.org.br\/wp-content\/uploads\/2023\/10\/Design-sem-nome.png 1080w, https:\/\/mab.org.br\/wp-content\/uploads\/2023\/10\/Design-sem-nome-300x300.png 300w, https:\/\/mab.org.br\/wp-content\/uploads\/2023\/10\/Design-sem-nome-1024x1024.png 1024w, https:\/\/mab.org.br\/wp-content\/uploads\/2023\/10\/Design-sem-nome-150x150.png 150w, https:\/\/mab.org.br\/wp-content\/uploads\/2023\/10\/Design-sem-nome-768x768.png 768w, https:\/\/mab.org.br\/wp-content\/uploads\/2023\/10\/Design-sem-nome-250x250.png 250w, https:\/\/mab.org.br\/wp-content\/uploads\/2023\/10\/Design-sem-nome-40x40.png 40w, https:\/\/mab.org.br\/wp-content\/uploads\/2023\/10\/Design-sem-nome-275x275.png 275w, https:\/\/mab.org.br\/wp-content\/uploads\/2023\/10\/Design-sem-nome-205x205.png 205w\" sizes=\"(max-width: 1080px) 100vw, 1080px\" title=\"Design sem nome\" alt=\"\" \t\tclass=\"so-widget-image\"\/>\n\t<\/div>\n\n<\/div><\/div><\/div><div id=\"pgc-gb47662-69d77d1ea6cb1-4-2\"  class=\"panel-grid-cell\" ><div id=\"panel-gb47662-69d77d1ea6cb1-4-2-0\" class=\"so-panel widget widget_sow-button panel-first-child\" data-index=\"5\" ><div\n\t\t\t\n\t\t\tclass=\"so-widget-sow-button so-widget-sow-button-wire-eb0ba916f757-47662\"\n\t\t\t\n\t\t><div class=\"ow-button-base ow-button-align-center\"\n>\n\t\t\t<a\n\t\t\t\t\thref=\"https:\/\/www.paypal.com\/donate?hosted_button_id=WV2LUH7PNBPX6\"\n\t\t\t\t\tclass=\"sowb-button ow-icon-placement-left ow-button-hover\" target=\"_blank\" rel=\"noopener noreferrer\" \t>\n\t\t<span>\n\t\t\t<span class=\"sow-icon-fontawesome sow-far\" data-sow-icon=\"&#xf09d;\"\n\t\tstyle=\"\" \n\t\taria-hidden=\"true\"><\/span>\n\t\t\tPayPal\t\t<\/span>\n\t\t\t<\/a>\n\t<\/div>\n<\/div><\/div><div id=\"panel-gb47662-69d77d1ea6cb1-4-2-1\" class=\"so-panel widget widget_text panel-last-child\" data-index=\"6\" >\t\t\t<div class=\"textwidget\"><\/div>\n\t\t<\/div><\/div><\/div><div id=\"pg-gb47662-69d77d1ea6cb1-5\"  class=\"panel-grid panel-has-style\" ><div class=\"siteorigin-panels-stretch panel-row-style panel-row-style-for-gb47662-69d77d1ea6cb1-5\" data-stretch-type=\"full\" ><div id=\"pgc-gb47662-69d77d1ea6cb1-5-0\"  class=\"panel-grid-cell panel-grid-cell-empty\" ><\/div><\/div><\/div><div id=\"pg-gb47662-69d77d1ea6cb1-6\"  class=\"panel-grid panel-no-style\" ><div id=\"pgc-gb47662-69d77d1ea6cb1-6-0\"  class=\"panel-grid-cell panel-grid-cell-empty\" ><\/div><\/div><div id=\"pg-gb47662-69d77d1ea6cb1-7\"  class=\"panel-grid panel-has-style\" ><div class=\"siteorigin-panels-stretch panel-row-style panel-row-style-for-gb47662-69d77d1ea6cb1-7\" data-stretch-type=\"full-width-stretch\" ><div id=\"pgc-gb47662-69d77d1ea6cb1-7-0\"  class=\"panel-grid-cell\" ><div class=\"panel-cell-style panel-cell-style-for-gb47662-69d77d1ea6cb1-7-0\" ><div id=\"panel-gb47662-69d77d1ea6cb1-7-0-0\" class=\"so-panel widget widget_rbs_widget panel-first-child panel-last-child\" data-index=\"7\" ><style type=\"text\/css\" scoped>.rbs_gallery_69d77d1ec1349Spinner{\r\n\t\t\t\tmargin: 50px auto;\r\n\t\t\t\twidth: 50px;\r\n\t\t\t\theight: 40px;\r\n\t\t\t\ttext-align: center;\r\n\t\t\t\tfont-size: 10px;\r\n\t\t\t}\r\n\t\t\t.rbs_gallery_69d77d1ec1349Spinner > div{\r\n\t\t\t  background-color: #333;\r\n\t\t\t  height: 100%;\r\n\t\t\t  width: 6px;\r\n\t\t\t  display: inline-block;\r\n\t\t\t  -webkit-animation: rbs_gallery_69d77d1ec1349-stretchdelay 1.2s infinite ease-in-out;\r\n\t\t\t  animation: rbs_gallery_69d77d1ec1349-stretchdelay 1.2s infinite ease-in-out;\r\n\t\t\t}\r\n\t\t\t.rbs_gallery_69d77d1ec1349Spinner .rbs_gallery_69d77d1ec1349Rect2 {\r\n\t\t\t  -webkit-animation-delay: -1.1s;\r\n\t\t\t  animation-delay: -1.1s;\r\n\t\t\t}\r\n\t\t\t.rbs_gallery_69d77d1ec1349Spinner .rbs_gallery_69d77d1ec1349Rect3 {\r\n\t\t\t  -webkit-animation-delay: -1.0s;\r\n\t\t\t  animation-delay: -1.0s;\r\n\t\t\t}\r\n\t\t\t.rbs_gallery_69d77d1ec1349Spinner .rbs_gallery_69d77d1ec1349Rect4 {\r\n\t\t\t  -webkit-animation-delay: -0.9s;\r\n\t\t\t  animation-delay: -0.9s;\r\n\t\t\t}\r\n\t\t\t.rbs_gallery_69d77d1ec1349Spinner .rbs_gallery_69d77d1ec1349Rect5 {\r\n\t\t\t  -webkit-animation-delay: -0.8s;\r\n\t\t\t  animation-delay: -0.8s;\r\n\t\t\t}\r\n\t\t\t@-webkit-keyframes rbs_gallery_69d77d1ec1349-stretchdelay {\r\n\t\t\t  0%, 40%, 100% { -webkit-transform: scaleY(0.4) }  \r\n\t\t\t  20% { -webkit-transform: scaleY(1.0) }\r\n\t\t\t}\r\n\t\t\t@keyframes rbs_gallery_69d77d1ec1349-stretchdelay {\r\n\t\t\t  0%, 40%, 100% { \r\n\t\t\t    transform: scaleY(0.4);\r\n\t\t\t    -webkit-transform: scaleY(0.4);\r\n\t\t\t  }  20% { \r\n\t\t\t    transform: scaleY(1.0);\r\n\t\t\t    -webkit-transform: scaleY(1.0);\r\n\t\t\t  }\r\n\t\t\t}\r\n\t\t<\/style><div id=\"robo-gallery-slider-wraprbs_gallery_69d77d1ec1349\" class=\"robo-gallery-slider-wrap robo-gallery-slider-wrap-id43014 robo-gallery-slider\"><div id=\"rbs_gallery_69d77d1ec1349-block-loader\" class=\"rbs_gallery_69d77d1ec1349Spinner\"><div class=\"rbs_gallery_69d77d1ec1349Rect1\"><\/div> <div class=\"rbs_gallery_69d77d1ec1349Rect2\"><\/div> <div class=\"rbs_gallery_69d77d1ec1349Rect3\"><\/div> <div class=\"rbs_gallery_69d77d1ec1349Rect4\"><\/div> <div class=\"rbs_gallery_69d77d1ec1349Rect5\"><\/div><\/div><div id=\"robo-gallery-slider-block-rbs_gallery_69d77d1ec1349\"  data-options=\"rbs_gallery_69d77d1ec1349\" \r\n\t\t\t\t\tclass=\"swiper-container robo-gallery-slider-container robo-gallery-slider-43014\" \r\n\t\t\t\t\tstyle=\"  display: none;\"\r\n\t\t\t\t\t\r\n\t\t\t\t><div id=\"rbs_gallery_69d77d1ec1349\" class=\"swiper-wrapper robo-slider-gallery  \"><div class=\"swiper-slide  \" \r\n \t\t\t\t\tstyle=\"background-image:url('https:\/\/mab.org.br\/wp-content\/uploads\/2023\/10\/248fff81-6293-436e-b30e-ef50399aef0b.jpeg');\" ><div class=\"swiper-slide-desc swiper-slide-desc-light\">Cozinhas solid\u00e1rias<\/div><\/div><div class=\"swiper-slide  \" \r\n \t\t\t\t\tstyle=\"background-image:url('https:\/\/mab.org.br\/wp-content\/uploads\/2023\/09\/ad119156-b875-4e28-8b8c-119fd6986a03.jpeg');\" ><div class=\"swiper-slide-desc swiper-slide-desc-light\">Agroecologia e produ\u00e7\u00e3o de alimentos<\/div><\/div><div class=\"swiper-slide  \" \r\n \t\t\t\t\tstyle=\"background-image:url('https:\/\/mab.org.br\/wp-content\/uploads\/2023\/09\/3997e588-8af2-422e-bfc0-3153c1e8682f-1.jpeg');\" ><div class=\"swiper-slide-desc swiper-slide-desc-light\">Por justi\u00e7a para Mariana e Brumadinho<\/div><\/div><div class=\"swiper-slide  \" \r\n \t\t\t\t\tstyle=\"background-image:url('https:\/\/mab.org.br\/wp-content\/uploads\/2023\/08\/photo_2023-08-08-19.25.05.jpeg');\" ><div class=\"swiper-slide-desc swiper-slide-desc-light\">Alfabetiza\u00e7\u00e3o clim\u00e1tica e enfrentamento \u00e1s mudan\u00e7as clim\u00e1ticas<\/div><\/div><div class=\"swiper-slide  \" \r\n \t\t\t\t\tstyle=\"background-image:url('https:\/\/mab.org.br\/wp-content\/uploads\/2023\/08\/casas-atingidas-pelos-desisamentos-scaled.jpg');\" ><div class=\"swiper-slide-desc swiper-slide-desc-light\">Por prote\u00e7\u00e3o e direitos aos atingidos por eventos extremos<\/div><\/div><div class=\"swiper-slide  \" \r\n \t\t\t\t\tstyle=\"background-image:url('https:\/\/mab.org.br\/wp-content\/uploads\/2023\/07\/a91a5e30-8f9f-4c96-951e-f9a2efb80702.jpg');\" ><div class=\"swiper-slide-desc swiper-slide-desc-light\">Em defesa da Amaz\u00f4nia<\/div><\/div><div class=\"swiper-slide  \" \r\n \t\t\t\t\tstyle=\"background-image:url('https:\/\/mab.org.br\/wp-content\/uploads\/2023\/06\/photo1687785006-1.jpeg');\" ><div class=\"swiper-slide-desc swiper-slide-desc-light\">Pelos direitos dos atingidos por Belo Monte, Jirau e Santo Ant\u00f4nio<\/div><\/div><div class=\"swiper-slide  \" \r\n \t\t\t\t\tstyle=\"background-image:url('https:\/\/mab.org.br\/wp-content\/uploads\/2023\/05\/52018108598_5928ccf783_k-1.jpg');\" ><div class=\"swiper-slide-desc swiper-slide-desc-light\">Contra os retrocessos na pol\u00edtica ambiental<\/div><\/div><div class=\"swiper-slide  \" \r\n \t\t\t\t\tstyle=\"background-image:url('https:\/\/mab.org.br\/wp-content\/uploads\/2023\/04\/4.jpeg');\" ><div class=\"swiper-slide-desc swiper-slide-desc-light\">Contra as privatiza\u00e7\u00f5es da \u00e1gua e energia<\/div><\/div><div class=\"swiper-slide  \" \r\n \t\t\t\t\tstyle=\"background-image:url('https:\/\/mab.org.br\/wp-content\/uploads\/2023\/03\/photo_2023-03-21-23.04.24-1-1.jpeg');\" ><div class=\"swiper-slide-desc swiper-slide-desc-light\">Em solidariedade aos atingidos pelas chuvas e enchentes<\/div><\/div><\/div><div class=\"swiper-button-prev\"><\/div><div class=\"swiper-button-next\"><\/div><div class=\"swiper-scrollbar\"><\/div><div class=\"swiper-pagination\"><\/div><\/div><\/div><script>var rbs_gallery_69d77d1ec1349 = {\"version\":\"5.0.4\",\"id\":43014,\"class\":\"id43014\",\"roboGalleryDelay\":1000,\"mainContainer\":\"#robo_gallery_main_block_rbs_gallery_69d77d1ec1349\",\"loadingContainer\":\"#rbs_gallery_69d77d1ec1349-block-loader\",\"loadingContainerObj\":\"rbs_gallery_69d77d1ec1349-block-loader\",\"loop\":true,\"centeredSlides\":true,\"autoplay\":{\"delay\":1500,\"disableOnInteraction\":false},\"preloadImages\":true,\"updateOnImagesReady\":true,\"effect\":\"slide\",\"direction\":\"horizontal\",\"navigation\":{\"nextEl\":\".swiper-button-next\",\"prevEl\":\".swiper-button-prev\"},\"scrollbar\":{\"el\":\".swiper-scrollbar\",\"draggable\":true},\"pagination\":{\"el\":\".swiper-pagination\",\"type\":\"bullets\",\"clickable\":true,\"dynamicBullets\":true},\"wrapContainer\":\"#robo-gallery-wrap-rbs_gallery_69d77d1ec1349\"};<\/script><\/div><\/div><\/div><\/div><\/div><\/div>","protected":false},"excerpt":{"rendered":"","protected":false},"author":11,"featured_media":53662,"parent":0,"menu_order":0,"comment_status":"closed","ping_status":"closed","template":"template-grid-padding.php","meta":{"_acf_changed":false,"_monsterinsights_skip_tracking":false,"_monsterinsights_sitenote_active":false,"_monsterinsights_sitenote_note":"","_monsterinsights_sitenote_category":0,"footnotes":""},"class_list":["post-47662","page","type-page","status-publish","has-post-thumbnail","hentry"],"acf":[],"yoast_head":"<!-- This site is optimized with the Yoast SEO plugin v27.3 - https:\/\/yoast.com\/product\/yoast-seo-wordpress\/ -->\n<title>Apoyo las poblaciones afectadas de Brasil!<\/title>\n<meta name=\"description\" content=\"Tu apoyo es fundamental para que podamos continuar la lucha, organizaci\u00f3n y solidaridad con las poblaciones afectadas por represas, colapsos y eventos extremos en el pa\u00eds. \u00a1Donar!\" \/>\n<meta name=\"robots\" content=\"index, follow, max-snippet:-1, max-image-preview:large, max-video-preview:-1\" \/>\n<link rel=\"canonical\" href=\"https:\/\/mab.org.br\/es\/apoyo\/\" \/>\n<meta property=\"og:locale\" content=\"es_ES\" \/>\n<meta property=\"og:type\" content=\"article\" \/>\n<meta property=\"og:title\" content=\"Apoyo las poblaciones afectadas de Brasil!\" \/>\n<meta property=\"og:description\" content=\"Tu apoyo es fundamental para que podamos continuar la lucha, organizaci\u00f3n y solidaridad con las poblaciones afectadas por represas, colapsos y eventos extremos en el pa\u00eds. \u00a1Donar!\" \/>\n<meta property=\"og:url\" content=\"https:\/\/mab.org.br\/es\/apoyo\/\" \/>\n<meta property=\"og:site_name\" content=\"MAB - Movimento dos Atingidos por Barragens\" \/>\n<meta property=\"article:modified_time\" content=\"2024-01-29T17:13:40+00:00\" \/>\n<meta property=\"og:image\" content=\"https:\/\/mab.org.br\/wp-content\/uploads\/2024\/09\/01a57571-9f61-4a69-9f23-e2b53a36f1f7-scaled.jpeg\" \/>\n\t<meta property=\"og:image:width\" content=\"2560\" \/>\n\t<meta property=\"og:image:height\" content=\"1440\" \/>\n\t<meta property=\"og:image:type\" content=\"image\/jpeg\" \/>\n<meta name=\"twitter:card\" content=\"summary_large_image\" \/>\n<meta name=\"twitter:label1\" content=\"Tiempo de lectura\" \/>\n\t<meta name=\"twitter:data1\" content=\"2 minutos\" \/>\n<script type=\"application\/ld+json\" class=\"yoast-schema-graph\">{\"@context\":\"https:\\\/\\\/schema.org\",\"@graph\":[{\"@type\":\"WebPage\",\"@id\":\"https:\\\/\\\/mab.org.br\\\/es\\\/apoyo\\\/\",\"url\":\"https:\\\/\\\/mab.org.br\\\/es\\\/apoyo\\\/\",\"name\":\"Apoyo las poblaciones afectadas de Brasil!\",\"isPartOf\":{\"@id\":\"https:\\\/\\\/mab.org.br\\\/es\\\/#website\"},\"primaryImageOfPage\":{\"@id\":\"https:\\\/\\\/mab.org.br\\\/es\\\/apoyo\\\/#primaryimage\"},\"image\":{\"@id\":\"https:\\\/\\\/mab.org.br\\\/es\\\/apoyo\\\/#primaryimage\"},\"thumbnailUrl\":\"https:\\\/\\\/mab.org.br\\\/wp-content\\\/uploads\\\/2024\\\/09\\\/01a57571-9f61-4a69-9f23-e2b53a36f1f7-scaled.jpeg\",\"datePublished\":\"2022-01-13T00:11:49+00:00\",\"dateModified\":\"2024-01-29T17:13:40+00:00\",\"description\":\"Tu apoyo es fundamental para que podamos continuar la lucha, organizaci\u00f3n y solidaridad con las poblaciones afectadas por represas, colapsos y eventos extremos en el pa\u00eds. \u00a1Donar!\",\"breadcrumb\":{\"@id\":\"https:\\\/\\\/mab.org.br\\\/es\\\/apoyo\\\/#breadcrumb\"},\"inLanguage\":\"es\",\"potentialAction\":[{\"@type\":\"ReadAction\",\"target\":[\"https:\\\/\\\/mab.org.br\\\/es\\\/apoyo\\\/\"]}]},{\"@type\":\"ImageObject\",\"inLanguage\":\"es\",\"@id\":\"https:\\\/\\\/mab.org.br\\\/es\\\/apoyo\\\/#primaryimage\",\"url\":\"https:\\\/\\\/mab.org.br\\\/wp-content\\\/uploads\\\/2024\\\/09\\\/01a57571-9f61-4a69-9f23-e2b53a36f1f7-scaled.jpeg\",\"contentUrl\":\"https:\\\/\\\/mab.org.br\\\/wp-content\\\/uploads\\\/2024\\\/09\\\/01a57571-9f61-4a69-9f23-e2b53a36f1f7-scaled.jpeg\",\"width\":2560,\"height\":1440},{\"@type\":\"BreadcrumbList\",\"@id\":\"https:\\\/\\\/mab.org.br\\\/es\\\/apoyo\\\/#breadcrumb\",\"itemListElement\":[{\"@type\":\"ListItem\",\"position\":1,\"name\":\"In\u00edcio\",\"item\":\"https:\\\/\\\/mab.org.br\\\/es\\\/\"},{\"@type\":\"ListItem\",\"position\":2,\"name\":\"Apoyo\"}]},{\"@type\":\"WebSite\",\"@id\":\"https:\\\/\\\/mab.org.br\\\/es\\\/#website\",\"url\":\"https:\\\/\\\/mab.org.br\\\/es\\\/\",\"name\":\"MAB - Movimento dos Atingidos por Barragens\",\"description\":\"El Movimiento de Afectados por Represas (MAB) es un movimiento popular brasile\u00f1o que surgi\u00f3 a finales de los a\u00f1os 1970 con el objetivo de organizar a los afectados por la construcci\u00f3n de represas para defender sus derechos.\",\"publisher\":{\"@id\":\"https:\\\/\\\/mab.org.br\\\/es\\\/#organization\"},\"alternateName\":\"MAB\",\"potentialAction\":[{\"@type\":\"SearchAction\",\"target\":{\"@type\":\"EntryPoint\",\"urlTemplate\":\"https:\\\/\\\/mab.org.br\\\/es\\\/?s={search_term_string}\"},\"query-input\":{\"@type\":\"PropertyValueSpecification\",\"valueRequired\":true,\"valueName\":\"search_term_string\"}}],\"inLanguage\":\"es\"},{\"@type\":\"Organization\",\"@id\":\"https:\\\/\\\/mab.org.br\\\/es\\\/#organization\",\"name\":\"Movimento dos Atingidos por Barragens\",\"alternateName\":\"MAB\",\"url\":\"https:\\\/\\\/mab.org.br\\\/es\\\/\",\"logo\":{\"@type\":\"ImageObject\",\"inLanguage\":\"es\",\"@id\":\"https:\\\/\\\/mab.org.br\\\/es\\\/#\\\/schema\\\/logo\\\/image\\\/\",\"url\":\"https:\\\/\\\/mab.org.br\\\/wp-content\\\/uploads\\\/2020\\\/06\\\/cropped-mabredonda.png\",\"contentUrl\":\"https:\\\/\\\/mab.org.br\\\/wp-content\\\/uploads\\\/2020\\\/06\\\/cropped-mabredonda.png\",\"width\":512,\"height\":512,\"caption\":\"Movimento dos Atingidos por Barragens\"},\"image\":{\"@id\":\"https:\\\/\\\/mab.org.br\\\/es\\\/#\\\/schema\\\/logo\\\/image\\\/\"}}]}<\/script>\n<!-- \/ Yoast SEO plugin. -->","yoast_head_json":{"title":"Apoyo las poblaciones afectadas de Brasil!","description":"Tu apoyo es fundamental para que podamos continuar la lucha, organizaci\u00f3n y solidaridad con las poblaciones afectadas por represas, colapsos y eventos extremos en el pa\u00eds. \u00a1Donar!","robots":{"index":"index","follow":"follow","max-snippet":"max-snippet:-1","max-image-preview":"max-image-preview:large","max-video-preview":"max-video-preview:-1"},"canonical":"https:\/\/mab.org.br\/es\/apoyo\/","og_locale":"es_ES","og_type":"article","og_title":"Apoyo las poblaciones afectadas de Brasil!","og_description":"Tu apoyo es fundamental para que podamos continuar la lucha, organizaci\u00f3n y solidaridad con las poblaciones afectadas por represas, colapsos y eventos extremos en el pa\u00eds. \u00a1Donar!","og_url":"https:\/\/mab.org.br\/es\/apoyo\/","og_site_name":"MAB - Movimento dos Atingidos por Barragens","article_modified_time":"2024-01-29T17:13:40+00:00","og_image":[{"width":2560,"height":1440,"url":"https:\/\/mab.org.br\/wp-content\/uploads\/2024\/09\/01a57571-9f61-4a69-9f23-e2b53a36f1f7-scaled.jpeg","type":"image\/jpeg"}],"twitter_card":"summary_large_image","twitter_misc":{"Tiempo de lectura":"2 minutos"},"schema":{"@context":"https:\/\/schema.org","@graph":[{"@type":"WebPage","@id":"https:\/\/mab.org.br\/es\/apoyo\/","url":"https:\/\/mab.org.br\/es\/apoyo\/","name":"Apoyo las poblaciones afectadas de Brasil!","isPartOf":{"@id":"https:\/\/mab.org.br\/es\/#website"},"primaryImageOfPage":{"@id":"https:\/\/mab.org.br\/es\/apoyo\/#primaryimage"},"image":{"@id":"https:\/\/mab.org.br\/es\/apoyo\/#primaryimage"},"thumbnailUrl":"https:\/\/mab.org.br\/wp-content\/uploads\/2024\/09\/01a57571-9f61-4a69-9f23-e2b53a36f1f7-scaled.jpeg","datePublished":"2022-01-13T00:11:49+00:00","dateModified":"2024-01-29T17:13:40+00:00","description":"Tu apoyo es fundamental para que podamos continuar la lucha, organizaci\u00f3n y solidaridad con las poblaciones afectadas por represas, colapsos y eventos extremos en el pa\u00eds. \u00a1Donar!","breadcrumb":{"@id":"https:\/\/mab.org.br\/es\/apoyo\/#breadcrumb"},"inLanguage":"es","potentialAction":[{"@type":"ReadAction","target":["https:\/\/mab.org.br\/es\/apoyo\/"]}]},{"@type":"ImageObject","inLanguage":"es","@id":"https:\/\/mab.org.br\/es\/apoyo\/#primaryimage","url":"https:\/\/mab.org.br\/wp-content\/uploads\/2024\/09\/01a57571-9f61-4a69-9f23-e2b53a36f1f7-scaled.jpeg","contentUrl":"https:\/\/mab.org.br\/wp-content\/uploads\/2024\/09\/01a57571-9f61-4a69-9f23-e2b53a36f1f7-scaled.jpeg","width":2560,"height":1440},{"@type":"BreadcrumbList","@id":"https:\/\/mab.org.br\/es\/apoyo\/#breadcrumb","itemListElement":[{"@type":"ListItem","position":1,"name":"In\u00edcio","item":"https:\/\/mab.org.br\/es\/"},{"@type":"ListItem","position":2,"name":"Apoyo"}]},{"@type":"WebSite","@id":"https:\/\/mab.org.br\/es\/#website","url":"https:\/\/mab.org.br\/es\/","name":"MAB - Movimento dos Atingidos por Barragens","description":"El Movimiento de Afectados por Represas (MAB) es un movimiento popular brasile\u00f1o que surgi\u00f3 a finales de los a\u00f1os 1970 con el objetivo de organizar a los afectados por la construcci\u00f3n de represas para defender sus derechos.","publisher":{"@id":"https:\/\/mab.org.br\/es\/#organization"},"alternateName":"MAB","potentialAction":[{"@type":"SearchAction","target":{"@type":"EntryPoint","urlTemplate":"https:\/\/mab.org.br\/es\/?s={search_term_string}"},"query-input":{"@type":"PropertyValueSpecification","valueRequired":true,"valueName":"search_term_string"}}],"inLanguage":"es"},{"@type":"Organization","@id":"https:\/\/mab.org.br\/es\/#organization","name":"Movimento dos Atingidos por Barragens","alternateName":"MAB","url":"https:\/\/mab.org.br\/es\/","logo":{"@type":"ImageObject","inLanguage":"es","@id":"https:\/\/mab.org.br\/es\/#\/schema\/logo\/image\/","url":"https:\/\/mab.org.br\/wp-content\/uploads\/2020\/06\/cropped-mabredonda.png","contentUrl":"https:\/\/mab.org.br\/wp-content\/uploads\/2020\/06\/cropped-mabredonda.png","width":512,"height":512,"caption":"Movimento dos Atingidos por Barragens"},"image":{"@id":"https:\/\/mab.org.br\/es\/#\/schema\/logo\/image\/"}}]}},"_links":{"self":[{"href":"https:\/\/mab.org.br\/es\/wp-json\/wp\/v2\/pages\/47662","targetHints":{"allow":["GET"]}}],"collection":[{"href":"https:\/\/mab.org.br\/es\/wp-json\/wp\/v2\/pages"}],"about":[{"href":"https:\/\/mab.org.br\/es\/wp-json\/wp\/v2\/types\/page"}],"author":[{"embeddable":true,"href":"https:\/\/mab.org.br\/es\/wp-json\/wp\/v2\/users\/11"}],"replies":[{"embeddable":true,"href":"https:\/\/mab.org.br\/es\/wp-json\/wp\/v2\/comments?post=47662"}],"version-history":[{"count":1,"href":"https:\/\/mab.org.br\/es\/wp-json\/wp\/v2\/pages\/47662\/revisions"}],"predecessor-version":[{"id":47673,"href":"https:\/\/mab.org.br\/es\/wp-json\/wp\/v2\/pages\/47662\/revisions\/47673"}],"wp:featuredmedia":[{"embeddable":true,"href":"https:\/\/mab.org.br\/es\/wp-json\/wp\/v2\/media\/53662"}],"wp:attachment":[{"href":"https:\/\/mab.org.br\/es\/wp-json\/wp\/v2\/media?parent=47662"}],"curies":[{"name":"wp","href":"https:\/\/api.w.org\/{rel}","templated":true}]}}