{"id":47645,"date":"2022-01-12T21:11:49","date_gmt":"2022-01-13T00:11:49","guid":{"rendered":"https:\/\/mab.org.br\/support\/"},"modified":"2025-09-25T21:15:36","modified_gmt":"2025-09-26T00:15:36","slug":"support","status":"publish","type":"page","link":"https:\/\/mab.org.br\/en\/support\/","title":{"rendered":"Support"},"content":{"rendered":"<div id=\"pl-gb47645-69d77d7a9ea22\"  class=\"panel-layout wp-block-siteorigin-panels-layout-block panel-layout\" ><div id=\"pg-gb47645-69d77d7a9ea22-0\"  class=\"panel-grid panel-no-style\" ><div id=\"pgc-gb47645-69d77d7a9ea22-0-0\"  class=\"panel-grid-cell\" ><div id=\"panel-gb47645-69d77d7a9ea22-0-0-0\" class=\"so-panel widget widget_header-destacado panel-first-child panel-last-child\" data-index=\"0\" ><div class=\"panel-widget-style panel-widget-style-for-gb47645-69d77d7a9ea22-0-0-0\" ><div\n\t\t\t\n\t\t\tclass=\"so-widget-header-destacado so-widget-header-destacado-style-d75171398898-47645\"\n\t\t\t\n\t\t><div class=\"header-destacado fullwidth\">\n    <section class=\"header-destacado--image\" style=\"background-image: url('https:\/\/mab.org.br\/wp-content\/uploads\/2023\/10\/51864265559_53e5872ba0_6k-scaled.jpg')\">\n        <div class=\"row\">\n            <div class=\"column large-12\">\n                <div class=\"content\">\n                    <div class=\"text\">\n                        APOIE OS ATINGIDOS DO BRASIL                    <\/div>\n                <\/div>\n            <\/div>\n        <\/div>\n        \n    <\/section>\n    <div class=\"row credit\">\n        <div class=\"column\">\n            Joka Madruga        <\/div>  \n    <\/div>\n<\/div><\/div><\/div><\/div><\/div><\/div><div id=\"pg-gb47645-69d77d7a9ea22-1\"  class=\"panel-grid panel-no-style\" ><div id=\"pgc-gb47645-69d77d7a9ea22-1-0\"  class=\"panel-grid-cell panel-grid-cell-empty\" ><\/div><\/div><div id=\"pg-gb47645-69d77d7a9ea22-2\"  class=\"panel-grid panel-no-style\" ><div id=\"pgc-gb47645-69d77d7a9ea22-2-0\"  class=\"panel-grid-cell\" ><div id=\"panel-gb47645-69d77d7a9ea22-2-0-0\" class=\"so-panel widget widget_text panel-first-child panel-last-child\" data-index=\"1\" >\t\t\t<div class=\"textwidget\"><div>\n<p>Summer rains and extreme weather events, such as in the mountainous region of Rio de Janeiro, S\u00e3o Sebasti\u00e3o, on the north coast of S\u00e3o Paulo or more recently in Vale no Taquari (RS), as well as collapses and tragedies involving dams in Brazil, such as Mariana (2015) and Brumadinho (2019), leave thousands of affected populations in Brazil every year.<\/p>\n<p>The people affected in these diverse and many regions face basic and immediate needs, such as shelter and food, as well as the need for support from the Brazilian State and the companies responsible for the projects. Unfortunately, what the 30-year experience of the Movement of People Affected by Dams (MAB) teaches is that the reconstruction and restructuring of the lives of these families, as well as reparation for the damages suffered, only materialize when the affected individuals understand their rights, they organize and fight collectively in each part of the process of identifying damages\/claims, incidence and mobilization.<\/p>\n<p>The historical struggles of the affected men and women organized in the MAB have achieved many victories and lessons learned, mainly around the importance of collective organization, which every day proves itself to be a viable path to defending and conquering rights. It is with support for its principles, commitment to the affected population and social transformation objectives, that MAB asks for your donation to continue working to guarantee emergency humanitarian and organizational aid and reorganize the lives of these people.<\/p>\n<p>The Campaign is administered by the <strong>National Association of People Affected by Dams (ANAB)<\/strong>, a historic supporter of families affected by dams in Brazil and Latin America, which will continue to guarantee the execution of donations in accordance with legal standards, meeting the plans and needs created by those affected.<\/p>\n<\/div>\n<div><\/div>\n<\/div>\n\t\t<\/div><\/div><\/div><div id=\"pg-gb47645-69d77d7a9ea22-3\"  class=\"panel-grid panel-has-style\" ><div class=\"siteorigin-panels-stretch panel-row-style panel-row-style-for-gb47645-69d77d7a9ea22-3\" data-stretch-type=\"full\" ><div id=\"pgc-gb47645-69d77d7a9ea22-3-0\"  class=\"panel-grid-cell\" ><div id=\"panel-gb47645-69d77d7a9ea22-3-0-0\" class=\"widget_text so-panel widget widget_custom_html panel-first-child panel-last-child\" data-index=\"2\" ><div class=\"textwidget custom-html-widget\"><afrus-form form-id=\"f38718cf-2318-4e0f-ab15-faa40dc15128\" preview=\"false\">\n<\/afrus-form>\n<script type=\"module\" src=\"https:\/\/afrus-frontend-assets.s3.eu-central-1.amazonaws.com\/Widget-prod\/webcomponents.es.js\">\n<\/script><\/div><\/div><\/div><\/div><\/div><div id=\"pg-gb47645-69d77d7a9ea22-4\"  class=\"panel-grid panel-no-style\" ><div id=\"pgc-gb47645-69d77d7a9ea22-4-0\"  class=\"panel-grid-cell panel-grid-cell-empty\" ><\/div><div id=\"pgc-gb47645-69d77d7a9ea22-4-1\"  class=\"panel-grid-cell panel-grid-cell-empty panel-grid-cell-mobile-last\" ><\/div><div id=\"pgc-gb47645-69d77d7a9ea22-4-2\"  class=\"panel-grid-cell panel-grid-cell-empty\" ><\/div><\/div><div id=\"pg-gb47645-69d77d7a9ea22-5\"  class=\"panel-grid panel-no-style\" ><div id=\"pgc-gb47645-69d77d7a9ea22-5-0\"  class=\"panel-grid-cell panel-grid-cell-empty\" ><\/div><\/div><div id=\"pg-gb47645-69d77d7a9ea22-6\"  class=\"panel-grid panel-has-style\" ><div class=\"siteorigin-panels-stretch panel-row-style panel-row-style-for-gb47645-69d77d7a9ea22-6\" data-stretch-type=\"full-width-stretch\" ><div id=\"pgc-gb47645-69d77d7a9ea22-6-0\"  class=\"panel-grid-cell\" ><div class=\"panel-cell-style panel-cell-style-for-gb47645-69d77d7a9ea22-6-0\" ><div id=\"panel-gb47645-69d77d7a9ea22-6-0-0\" class=\"so-panel widget widget_rbs_widget panel-first-child panel-last-child\" data-index=\"3\" ><style type=\"text\/css\" scoped>.rbs_gallery_69d77d7a9fa7dSpinner{\r\n\t\t\t\tmargin: 50px auto;\r\n\t\t\t\twidth: 50px;\r\n\t\t\t\theight: 40px;\r\n\t\t\t\ttext-align: center;\r\n\t\t\t\tfont-size: 10px;\r\n\t\t\t}\r\n\t\t\t.rbs_gallery_69d77d7a9fa7dSpinner > div{\r\n\t\t\t  background-color: #333;\r\n\t\t\t  height: 100%;\r\n\t\t\t  width: 6px;\r\n\t\t\t  display: inline-block;\r\n\t\t\t  -webkit-animation: rbs_gallery_69d77d7a9fa7d-stretchdelay 1.2s infinite ease-in-out;\r\n\t\t\t  animation: rbs_gallery_69d77d7a9fa7d-stretchdelay 1.2s infinite ease-in-out;\r\n\t\t\t}\r\n\t\t\t.rbs_gallery_69d77d7a9fa7dSpinner .rbs_gallery_69d77d7a9fa7dRect2 {\r\n\t\t\t  -webkit-animation-delay: -1.1s;\r\n\t\t\t  animation-delay: -1.1s;\r\n\t\t\t}\r\n\t\t\t.rbs_gallery_69d77d7a9fa7dSpinner .rbs_gallery_69d77d7a9fa7dRect3 {\r\n\t\t\t  -webkit-animation-delay: -1.0s;\r\n\t\t\t  animation-delay: -1.0s;\r\n\t\t\t}\r\n\t\t\t.rbs_gallery_69d77d7a9fa7dSpinner .rbs_gallery_69d77d7a9fa7dRect4 {\r\n\t\t\t  -webkit-animation-delay: -0.9s;\r\n\t\t\t  animation-delay: -0.9s;\r\n\t\t\t}\r\n\t\t\t.rbs_gallery_69d77d7a9fa7dSpinner .rbs_gallery_69d77d7a9fa7dRect5 {\r\n\t\t\t  -webkit-animation-delay: -0.8s;\r\n\t\t\t  animation-delay: -0.8s;\r\n\t\t\t}\r\n\t\t\t@-webkit-keyframes rbs_gallery_69d77d7a9fa7d-stretchdelay {\r\n\t\t\t  0%, 40%, 100% { -webkit-transform: scaleY(0.4) }  \r\n\t\t\t  20% { -webkit-transform: scaleY(1.0) }\r\n\t\t\t}\r\n\t\t\t@keyframes rbs_gallery_69d77d7a9fa7d-stretchdelay {\r\n\t\t\t  0%, 40%, 100% { \r\n\t\t\t    transform: scaleY(0.4);\r\n\t\t\t    -webkit-transform: scaleY(0.4);\r\n\t\t\t  }  20% { \r\n\t\t\t    transform: scaleY(1.0);\r\n\t\t\t    -webkit-transform: scaleY(1.0);\r\n\t\t\t  }\r\n\t\t\t}\r\n\t\t<\/style><div id=\"robo-gallery-slider-wraprbs_gallery_69d77d7a9fa7d\" class=\"robo-gallery-slider-wrap robo-gallery-slider-wrap-id43014 robo-gallery-slider\"><div id=\"rbs_gallery_69d77d7a9fa7d-block-loader\" class=\"rbs_gallery_69d77d7a9fa7dSpinner\"><div class=\"rbs_gallery_69d77d7a9fa7dRect1\"><\/div> <div class=\"rbs_gallery_69d77d7a9fa7dRect2\"><\/div> <div class=\"rbs_gallery_69d77d7a9fa7dRect3\"><\/div> <div class=\"rbs_gallery_69d77d7a9fa7dRect4\"><\/div> <div class=\"rbs_gallery_69d77d7a9fa7dRect5\"><\/div><\/div><div id=\"robo-gallery-slider-block-rbs_gallery_69d77d7a9fa7d\"  data-options=\"rbs_gallery_69d77d7a9fa7d\" \r\n\t\t\t\t\tclass=\"swiper-container robo-gallery-slider-container robo-gallery-slider-43014\" \r\n\t\t\t\t\tstyle=\"  display: none;\"\r\n\t\t\t\t\t\r\n\t\t\t\t><div id=\"rbs_gallery_69d77d7a9fa7d\" class=\"swiper-wrapper robo-slider-gallery  \"><div class=\"swiper-slide  \" \r\n \t\t\t\t\tstyle=\"background-image:url('https:\/\/mab.org.br\/wp-content\/uploads\/2023\/10\/248fff81-6293-436e-b30e-ef50399aef0b.jpeg');\" ><div class=\"swiper-slide-desc swiper-slide-desc-light\">Cozinhas solid\u00e1rias<\/div><\/div><div class=\"swiper-slide  \" \r\n \t\t\t\t\tstyle=\"background-image:url('https:\/\/mab.org.br\/wp-content\/uploads\/2023\/09\/ad119156-b875-4e28-8b8c-119fd6986a03.jpeg');\" ><div class=\"swiper-slide-desc swiper-slide-desc-light\">Agroecologia e produ\u00e7\u00e3o de alimentos<\/div><\/div><div class=\"swiper-slide  \" \r\n \t\t\t\t\tstyle=\"background-image:url('https:\/\/mab.org.br\/wp-content\/uploads\/2023\/09\/3997e588-8af2-422e-bfc0-3153c1e8682f-1.jpeg');\" ><div class=\"swiper-slide-desc swiper-slide-desc-light\">Por justi\u00e7a para Mariana e Brumadinho<\/div><\/div><div class=\"swiper-slide  \" \r\n \t\t\t\t\tstyle=\"background-image:url('https:\/\/mab.org.br\/wp-content\/uploads\/2023\/08\/photo_2023-08-08-19.25.05.jpeg');\" ><div class=\"swiper-slide-desc swiper-slide-desc-light\">Alfabetiza\u00e7\u00e3o clim\u00e1tica e enfrentamento \u00e1s mudan\u00e7as clim\u00e1ticas<\/div><\/div><div class=\"swiper-slide  \" \r\n \t\t\t\t\tstyle=\"background-image:url('https:\/\/mab.org.br\/wp-content\/uploads\/2023\/08\/casas-atingidas-pelos-desisamentos-scaled.jpg');\" ><div class=\"swiper-slide-desc swiper-slide-desc-light\">Por prote\u00e7\u00e3o e direitos aos atingidos por eventos extremos<\/div><\/div><div class=\"swiper-slide  \" \r\n \t\t\t\t\tstyle=\"background-image:url('https:\/\/mab.org.br\/wp-content\/uploads\/2023\/07\/a91a5e30-8f9f-4c96-951e-f9a2efb80702.jpg');\" ><div class=\"swiper-slide-desc swiper-slide-desc-light\">Em defesa da Amaz\u00f4nia<\/div><\/div><div class=\"swiper-slide  \" \r\n \t\t\t\t\tstyle=\"background-image:url('https:\/\/mab.org.br\/wp-content\/uploads\/2023\/06\/photo1687785006-1.jpeg');\" ><div class=\"swiper-slide-desc swiper-slide-desc-light\">Pelos direitos dos atingidos por Belo Monte, Jirau e Santo Ant\u00f4nio<\/div><\/div><div class=\"swiper-slide  \" \r\n \t\t\t\t\tstyle=\"background-image:url('https:\/\/mab.org.br\/wp-content\/uploads\/2023\/05\/52018108598_5928ccf783_k-1.jpg');\" ><div class=\"swiper-slide-desc swiper-slide-desc-light\">Contra os retrocessos na pol\u00edtica ambiental<\/div><\/div><div class=\"swiper-slide  \" \r\n \t\t\t\t\tstyle=\"background-image:url('https:\/\/mab.org.br\/wp-content\/uploads\/2023\/04\/4.jpeg');\" ><div class=\"swiper-slide-desc swiper-slide-desc-light\">Contra as privatiza\u00e7\u00f5es da \u00e1gua e energia<\/div><\/div><div class=\"swiper-slide  \" \r\n \t\t\t\t\tstyle=\"background-image:url('https:\/\/mab.org.br\/wp-content\/uploads\/2023\/03\/photo_2023-03-21-23.04.24-1-1.jpeg');\" ><div class=\"swiper-slide-desc swiper-slide-desc-light\">Em solidariedade aos atingidos pelas chuvas e enchentes<\/div><\/div><\/div><div class=\"swiper-button-prev\"><\/div><div class=\"swiper-button-next\"><\/div><div class=\"swiper-scrollbar\"><\/div><div class=\"swiper-pagination\"><\/div><\/div><\/div><script>var rbs_gallery_69d77d7a9fa7d = {\"version\":\"5.0.4\",\"id\":43014,\"class\":\"id43014\",\"roboGalleryDelay\":1000,\"mainContainer\":\"#robo_gallery_main_block_rbs_gallery_69d77d7a9fa7d\",\"loadingContainer\":\"#rbs_gallery_69d77d7a9fa7d-block-loader\",\"loadingContainerObj\":\"rbs_gallery_69d77d7a9fa7d-block-loader\",\"loop\":true,\"centeredSlides\":true,\"autoplay\":{\"delay\":1500,\"disableOnInteraction\":false},\"preloadImages\":true,\"updateOnImagesReady\":true,\"effect\":\"slide\",\"direction\":\"horizontal\",\"navigation\":{\"nextEl\":\".swiper-button-next\",\"prevEl\":\".swiper-button-prev\"},\"scrollbar\":{\"el\":\".swiper-scrollbar\",\"draggable\":true},\"pagination\":{\"el\":\".swiper-pagination\",\"type\":\"bullets\",\"clickable\":true,\"dynamicBullets\":true},\"wrapContainer\":\"#robo-gallery-wrap-rbs_gallery_69d77d7a9fa7d\"};<\/script><\/div><\/div><\/div><\/div><\/div><\/div>","protected":false},"excerpt":{"rendered":"","protected":false},"author":11,"featured_media":53661,"parent":0,"menu_order":0,"comment_status":"closed","ping_status":"closed","template":"template-grid-padding.php","meta":{"_acf_changed":false,"_monsterinsights_skip_tracking":false,"_monsterinsights_sitenote_active":false,"_monsterinsights_sitenote_note":"","_monsterinsights_sitenote_category":0,"footnotes":""},"class_list":["post-47645","page","type-page","status-publish","has-post-thumbnail","hentry"],"acf":[],"yoast_head":"<!-- This site is optimized with the Yoast SEO plugin v27.3 - https:\/\/yoast.com\/product\/yoast-seo-wordpress\/ -->\n<title>Support the affected populations of Brazil!<\/title>\n<meta name=\"description\" content=\"Your support is essential for us to continue the fight, organization and solidarity with populations affected by dams, collapses and extreme events in the country. Donate!\" \/>\n<meta name=\"robots\" content=\"index, follow, max-snippet:-1, max-image-preview:large, max-video-preview:-1\" \/>\n<link rel=\"canonical\" href=\"https:\/\/mab.org.br\/en\/support\/\" \/>\n<meta property=\"og:locale\" content=\"en_US\" \/>\n<meta property=\"og:type\" content=\"article\" \/>\n<meta property=\"og:title\" content=\"Support the affected populations of Brazil!\" \/>\n<meta property=\"og:description\" content=\"Your support is essential for us to continue the fight, organization and solidarity with populations affected by dams, collapses and extreme events in the country. Donate!\" \/>\n<meta property=\"og:url\" content=\"https:\/\/mab.org.br\/en\/support\/\" \/>\n<meta property=\"og:site_name\" content=\"MAB - Movimento dos Atingidos por Barragens\" \/>\n<meta property=\"article:modified_time\" content=\"2025-09-26T00:15:36+00:00\" \/>\n<meta property=\"og:image\" content=\"https:\/\/mab.org.br\/wp-content\/uploads\/2024\/09\/01a57571-9f61-4a69-9f23-e2b53a36f1f7-scaled.jpeg\" \/>\n\t<meta property=\"og:image:width\" content=\"2560\" \/>\n\t<meta property=\"og:image:height\" content=\"1440\" \/>\n\t<meta property=\"og:image:type\" content=\"image\/jpeg\" \/>\n<meta name=\"twitter:card\" content=\"summary_large_image\" \/>\n<script type=\"application\/ld+json\" class=\"yoast-schema-graph\">{\"@context\":\"https:\\\/\\\/schema.org\",\"@graph\":[{\"@type\":\"WebPage\",\"@id\":\"https:\\\/\\\/mab.org.br\\\/en\\\/support\\\/\",\"url\":\"https:\\\/\\\/mab.org.br\\\/en\\\/support\\\/\",\"name\":\"Support the affected populations of Brazil!\",\"isPartOf\":{\"@id\":\"https:\\\/\\\/mab.org.br\\\/en\\\/#website\"},\"primaryImageOfPage\":{\"@id\":\"https:\\\/\\\/mab.org.br\\\/en\\\/support\\\/#primaryimage\"},\"image\":{\"@id\":\"https:\\\/\\\/mab.org.br\\\/en\\\/support\\\/#primaryimage\"},\"thumbnailUrl\":\"https:\\\/\\\/mab.org.br\\\/wp-content\\\/uploads\\\/2024\\\/09\\\/01a57571-9f61-4a69-9f23-e2b53a36f1f7-scaled.jpeg\",\"datePublished\":\"2022-01-13T00:11:49+00:00\",\"dateModified\":\"2025-09-26T00:15:36+00:00\",\"description\":\"Your support is essential for us to continue the fight, organization and solidarity with populations affected by dams, collapses and extreme events in the country. Donate!\",\"breadcrumb\":{\"@id\":\"https:\\\/\\\/mab.org.br\\\/en\\\/support\\\/#breadcrumb\"},\"inLanguage\":\"en-US\",\"potentialAction\":[{\"@type\":\"ReadAction\",\"target\":[\"https:\\\/\\\/mab.org.br\\\/en\\\/support\\\/\"]}]},{\"@type\":\"ImageObject\",\"inLanguage\":\"en-US\",\"@id\":\"https:\\\/\\\/mab.org.br\\\/en\\\/support\\\/#primaryimage\",\"url\":\"https:\\\/\\\/mab.org.br\\\/wp-content\\\/uploads\\\/2024\\\/09\\\/01a57571-9f61-4a69-9f23-e2b53a36f1f7-scaled.jpeg\",\"contentUrl\":\"https:\\\/\\\/mab.org.br\\\/wp-content\\\/uploads\\\/2024\\\/09\\\/01a57571-9f61-4a69-9f23-e2b53a36f1f7-scaled.jpeg\",\"width\":2560,\"height\":1440},{\"@type\":\"BreadcrumbList\",\"@id\":\"https:\\\/\\\/mab.org.br\\\/en\\\/support\\\/#breadcrumb\",\"itemListElement\":[{\"@type\":\"ListItem\",\"position\":1,\"name\":\"In\u00edcio\",\"item\":\"https:\\\/\\\/mab.org.br\\\/en\\\/\"},{\"@type\":\"ListItem\",\"position\":2,\"name\":\"Support\"}]},{\"@type\":\"WebSite\",\"@id\":\"https:\\\/\\\/mab.org.br\\\/en\\\/#website\",\"url\":\"https:\\\/\\\/mab.org.br\\\/en\\\/\",\"name\":\"MAB - Movimento dos Atingidos por Barragens\",\"description\":\"The Movement of People Affected by Dams (MAB) is a popular Brazilian movement that emerged at the end of the 1970s with the aim of organizing those affected by the construction of dams to defend their rights.\",\"publisher\":{\"@id\":\"https:\\\/\\\/mab.org.br\\\/en\\\/#organization\"},\"alternateName\":\"MAB\",\"potentialAction\":[{\"@type\":\"SearchAction\",\"target\":{\"@type\":\"EntryPoint\",\"urlTemplate\":\"https:\\\/\\\/mab.org.br\\\/en\\\/?s={search_term_string}\"},\"query-input\":{\"@type\":\"PropertyValueSpecification\",\"valueRequired\":true,\"valueName\":\"search_term_string\"}}],\"inLanguage\":\"en-US\"},{\"@type\":\"Organization\",\"@id\":\"https:\\\/\\\/mab.org.br\\\/en\\\/#organization\",\"name\":\"Movimento dos Atingidos por Barragens\",\"alternateName\":\"MAB\",\"url\":\"https:\\\/\\\/mab.org.br\\\/en\\\/\",\"logo\":{\"@type\":\"ImageObject\",\"inLanguage\":\"en-US\",\"@id\":\"https:\\\/\\\/mab.org.br\\\/en\\\/#\\\/schema\\\/logo\\\/image\\\/\",\"url\":\"https:\\\/\\\/mab.org.br\\\/wp-content\\\/uploads\\\/2020\\\/06\\\/cropped-mabredonda.png\",\"contentUrl\":\"https:\\\/\\\/mab.org.br\\\/wp-content\\\/uploads\\\/2020\\\/06\\\/cropped-mabredonda.png\",\"width\":512,\"height\":512,\"caption\":\"Movimento dos Atingidos por Barragens\"},\"image\":{\"@id\":\"https:\\\/\\\/mab.org.br\\\/en\\\/#\\\/schema\\\/logo\\\/image\\\/\"}}]}<\/script>\n<!-- \/ Yoast SEO plugin. -->","yoast_head_json":{"title":"Support the affected populations of Brazil!","description":"Your support is essential for us to continue the fight, organization and solidarity with populations affected by dams, collapses and extreme events in the country. Donate!","robots":{"index":"index","follow":"follow","max-snippet":"max-snippet:-1","max-image-preview":"max-image-preview:large","max-video-preview":"max-video-preview:-1"},"canonical":"https:\/\/mab.org.br\/en\/support\/","og_locale":"en_US","og_type":"article","og_title":"Support the affected populations of Brazil!","og_description":"Your support is essential for us to continue the fight, organization and solidarity with populations affected by dams, collapses and extreme events in the country. Donate!","og_url":"https:\/\/mab.org.br\/en\/support\/","og_site_name":"MAB - Movimento dos Atingidos por Barragens","article_modified_time":"2025-09-26T00:15:36+00:00","og_image":[{"width":2560,"height":1440,"url":"https:\/\/mab.org.br\/wp-content\/uploads\/2024\/09\/01a57571-9f61-4a69-9f23-e2b53a36f1f7-scaled.jpeg","type":"image\/jpeg"}],"twitter_card":"summary_large_image","schema":{"@context":"https:\/\/schema.org","@graph":[{"@type":"WebPage","@id":"https:\/\/mab.org.br\/en\/support\/","url":"https:\/\/mab.org.br\/en\/support\/","name":"Support the affected populations of Brazil!","isPartOf":{"@id":"https:\/\/mab.org.br\/en\/#website"},"primaryImageOfPage":{"@id":"https:\/\/mab.org.br\/en\/support\/#primaryimage"},"image":{"@id":"https:\/\/mab.org.br\/en\/support\/#primaryimage"},"thumbnailUrl":"https:\/\/mab.org.br\/wp-content\/uploads\/2024\/09\/01a57571-9f61-4a69-9f23-e2b53a36f1f7-scaled.jpeg","datePublished":"2022-01-13T00:11:49+00:00","dateModified":"2025-09-26T00:15:36+00:00","description":"Your support is essential for us to continue the fight, organization and solidarity with populations affected by dams, collapses and extreme events in the country. Donate!","breadcrumb":{"@id":"https:\/\/mab.org.br\/en\/support\/#breadcrumb"},"inLanguage":"en-US","potentialAction":[{"@type":"ReadAction","target":["https:\/\/mab.org.br\/en\/support\/"]}]},{"@type":"ImageObject","inLanguage":"en-US","@id":"https:\/\/mab.org.br\/en\/support\/#primaryimage","url":"https:\/\/mab.org.br\/wp-content\/uploads\/2024\/09\/01a57571-9f61-4a69-9f23-e2b53a36f1f7-scaled.jpeg","contentUrl":"https:\/\/mab.org.br\/wp-content\/uploads\/2024\/09\/01a57571-9f61-4a69-9f23-e2b53a36f1f7-scaled.jpeg","width":2560,"height":1440},{"@type":"BreadcrumbList","@id":"https:\/\/mab.org.br\/en\/support\/#breadcrumb","itemListElement":[{"@type":"ListItem","position":1,"name":"In\u00edcio","item":"https:\/\/mab.org.br\/en\/"},{"@type":"ListItem","position":2,"name":"Support"}]},{"@type":"WebSite","@id":"https:\/\/mab.org.br\/en\/#website","url":"https:\/\/mab.org.br\/en\/","name":"MAB - Movimento dos Atingidos por Barragens","description":"The Movement of People Affected by Dams (MAB) is a popular Brazilian movement that emerged at the end of the 1970s with the aim of organizing those affected by the construction of dams to defend their rights.","publisher":{"@id":"https:\/\/mab.org.br\/en\/#organization"},"alternateName":"MAB","potentialAction":[{"@type":"SearchAction","target":{"@type":"EntryPoint","urlTemplate":"https:\/\/mab.org.br\/en\/?s={search_term_string}"},"query-input":{"@type":"PropertyValueSpecification","valueRequired":true,"valueName":"search_term_string"}}],"inLanguage":"en-US"},{"@type":"Organization","@id":"https:\/\/mab.org.br\/en\/#organization","name":"Movimento dos Atingidos por Barragens","alternateName":"MAB","url":"https:\/\/mab.org.br\/en\/","logo":{"@type":"ImageObject","inLanguage":"en-US","@id":"https:\/\/mab.org.br\/en\/#\/schema\/logo\/image\/","url":"https:\/\/mab.org.br\/wp-content\/uploads\/2020\/06\/cropped-mabredonda.png","contentUrl":"https:\/\/mab.org.br\/wp-content\/uploads\/2020\/06\/cropped-mabredonda.png","width":512,"height":512,"caption":"Movimento dos Atingidos por Barragens"},"image":{"@id":"https:\/\/mab.org.br\/en\/#\/schema\/logo\/image\/"}}]}},"_links":{"self":[{"href":"https:\/\/mab.org.br\/en\/wp-json\/wp\/v2\/pages\/47645","targetHints":{"allow":["GET"]}}],"collection":[{"href":"https:\/\/mab.org.br\/en\/wp-json\/wp\/v2\/pages"}],"about":[{"href":"https:\/\/mab.org.br\/en\/wp-json\/wp\/v2\/types\/page"}],"author":[{"embeddable":true,"href":"https:\/\/mab.org.br\/en\/wp-json\/wp\/v2\/users\/11"}],"replies":[{"embeddable":true,"href":"https:\/\/mab.org.br\/en\/wp-json\/wp\/v2\/comments?post=47645"}],"version-history":[{"count":6,"href":"https:\/\/mab.org.br\/en\/wp-json\/wp\/v2\/pages\/47645\/revisions"}],"predecessor-version":[{"id":69283,"href":"https:\/\/mab.org.br\/en\/wp-json\/wp\/v2\/pages\/47645\/revisions\/69283"}],"wp:featuredmedia":[{"embeddable":true,"href":"https:\/\/mab.org.br\/en\/wp-json\/wp\/v2\/media\/53661"}],"wp:attachment":[{"href":"https:\/\/mab.org.br\/en\/wp-json\/wp\/v2\/media?parent=47645"}],"curies":[{"name":"wp","href":"https:\/\/api.w.org\/{rel}","templated":true}]}}